{"id":2088,"date":"2018-04-11T21:08:42","date_gmt":"2018-04-11T21:08:42","guid":{"rendered":"https:\/\/dixlog.com\/es\/?page_id=2088"},"modified":"2020-10-12T00:17:50","modified_gmt":"2020-10-12T00:17:50","slug":"trademark","status":"publish","type":"page","link":"https:\/\/dixlog.com\/es\/trademark\/","title":{"rendered":"Registro de marca comercial"},"content":{"rendered":"<div class=\"wpb-content-wrapper\"><p>[vc_row][vc_column width=&#8221;1\/4&#8243;][cms_services_menu services_menu=&#8221;%5B%7B%22name%22%3A%22All%20Services%22%2C%22link%22%3A%22url%3Ahttp%253A%252F%252Fdixlog.com%252Fservices%252F%7C%7C%7C%22%7D%2C%7B%22name%22%3A%22Storage%22%2C%22link%22%3A%22url%3Ahttp%253A%252F%252Fdixlog.com%252Ffulfillment%252F%7C%7C%7C%22%7D%2C%7B%22name%22%3A%22Distribution%22%2C%22link%22%3A%22url%3Ahttp%253A%252F%252Fdixlog.com%252Fdistribution%252F%7C%7C%7C%22%7D%2C%7B%22name%22%3A%22Importation%20and%20Exportation%22%2C%22link%22%3A%22url%3Ahttp%253A%252F%252Fdixlog.com%252Fimportation%252F%7Ctitle%3AImportation%2520and%2520Exportation%7C%7C%22%7D%2C%7B%22name%22%3A%22Cross%20Dock%22%2C%22link%22%3A%22url%3Ahttp%253A%252F%252Fdixlog.com%252Fcross-dock%252F%7Ctitle%3ACross%2520Dock%7C%7C%22%7D%2C%7B%22name%22%3A%22Plataform%22%2C%22link%22%3A%22url%3Ahttp%253A%252F%252Fdixlog.com%252Fplataform%7Ctitle%3APlataform%7C%7C%22%7D%2C%7B%22name%22%3A%22Marketing%22%2C%22link%22%3A%22url%3Ahttp%253A%252F%252Fdixlog.com%252Fmarketing%252F%7Ctitle%3AMarketing%7C%7C%22%7D%2C%7B%22name%22%3A%22Customer%20service%22%2C%22link%22%3A%22url%3Ahttp%253A%252F%252Fdixlog.com%252Fcustomer-service%252F%7Ctitle%3ACustomer%2520service%7C%7C%22%7D%2C%7B%22name%22%3A%22Marketplace%22%2C%22link%22%3A%22url%3Ahttp%253A%252F%252Fdixlog.com%252Fmarketplace%252F%7Ctitle%3AMarketplace%7C%7C%22%7D%2C%7B%22name%22%3A%22FBA%22%2C%22link%22%3A%22url%3Ahttp%253A%252F%252Fdixlog.com%252Ffba%252F%7Ctitle%3AFBA%7C%7C%22%7D%2C%7B%22name%22%3A%22Accounting%22%2C%22link%22%3A%22url%3Ahttp%253A%252F%252Fdixlog.com%252Faccounting%252F%7Ctitle%3AAccounting%7C%7C%22%7D%2C%7B%22name%22%3A%22Trademark%22%2C%22link%22%3A%22url%3Ahttp%253A%252F%252Fdixlog.com%252Ftrademark%252F%7Ctitle%3ATrademark%7C%7C%22%7D%5D&#8221;][vc_widget_sidebar sidebar_id=&#8221;sidebar-footer-top-3&#8243;][\/vc_column][vc_column width=&#8221;3\/4&#8243;][vc_column_text]Una de las acciones m\u00e1s importantes y r\u00e1pidas a tomar al considerar la internacionalizaci\u00f3n de su marca, adem\u00e1s de expandir su negocio es el registro de su marca. En el mercado digital competitivo y en constante cambio, una marca es un activo muy valioso.<\/p>\n<p>Le proporcionaremos nuestro estudio de marca registrada, que le permitir\u00e1 garantizar un registro de marca exitoso.<\/p>\n<p>Luego nos encargaremos de todo lo necesario para la preparaci\u00f3n profesional del registro de marca de EE. UU., Presentando la solicitud de marca de EE. UU. Y envi\u00e1ndole el certificado de marca.<\/p>\n<p>Cuente con el DixLog, por correo electr\u00f3nico o por tel\u00e9fono.[\/vc_column_text][\/vc_column][\/vc_row]<\/p>\n<\/div>","protected":false},"excerpt":{"rendered":"<p>[vc_row][vc_column width=&#8221;1\/4&#8243;][cms_services_menu services_menu=&#8221;%5B%7B%22name%22%3A%22All%20Services%22%2C%22link%22%3A%22url%3Ahttp%253A%252F%252Fdixlog.com%252Fservices%252F%7C%7C%7C%22%7D%2C%7B%22name%22%3A%22Storage%22%2C%22link%22%3A%22url%3Ahttp%253A%252F%252Fdixlog.com%252Ffulfillment%252F%7C%7C%7C%22%7D%2C%7B%22name%22%3A%22Distribution%22%2C%22link%22%3A%22url%3Ahttp%253A%252F%252Fdixlog.com%252Fdistribution%252F%7C%7C%7C%22%7D%2C%7B%22name%22%3A%22Importation%20and%20Exportation%22%2C%22link%22%3A%22url%3Ahttp%253A%252F%252Fdixlog.com%252Fimportation%252F%7Ctitle%3AImportation%2520and%2520Exportation%7C%7C%22%7D%2C%7B%22name%22%3A%22Cross%20Dock%22%2C%22link%22%3A%22url%3Ahttp%253A%252F%252Fdixlog.com%252Fcross-dock%252F%7Ctitle%3ACross%2520Dock%7C%7C%22%7D%2C%7B%22name%22%3A%22Plataform%22%2C%22link%22%3A%22url%3Ahttp%253A%252F%252Fdixlog.com%252Fplataform%7Ctitle%3APlataform%7C%7C%22%7D%2C%7B%22name%22%3A%22Marketing%22%2C%22link%22%3A%22url%3Ahttp%253A%252F%252Fdixlog.com%252Fmarketing%252F%7Ctitle%3AMarketing%7C%7C%22%7D%2C%7B%22name%22%3A%22Customer%20service%22%2C%22link%22%3A%22url%3Ahttp%253A%252F%252Fdixlog.com%252Fcustomer-service%252F%7Ctitle%3ACustomer%2520service%7C%7C%22%7D%2C%7B%22name%22%3A%22Marketplace%22%2C%22link%22%3A%22url%3Ahttp%253A%252F%252Fdixlog.com%252Fmarketplace%252F%7Ctitle%3AMarketplace%7C%7C%22%7D%2C%7B%22name%22%3A%22FBA%22%2C%22link%22%3A%22url%3Ahttp%253A%252F%252Fdixlog.com%252Ffba%252F%7Ctitle%3AFBA%7C%7C%22%7D%2C%7B%22name%22%3A%22Accounting%22%2C%22link%22%3A%22url%3Ahttp%253A%252F%252Fdixlog.com%252Faccounting%252F%7Ctitle%3AAccounting%7C%7C%22%7D%2C%7B%22name%22%3A%22Trademark%22%2C%22link%22%3A%22url%3Ahttp%253A%252F%252Fdixlog.com%252Ftrademark%252F%7Ctitle%3ATrademark%7C%7C%22%7D%5D&#8221;][vc_widget_sidebar sidebar_id=&#8221;sidebar-footer-top-3&#8243;][\/vc_column][vc_column width=&#8221;3\/4&#8243;][vc_column_text]Una de las acciones m\u00e1s importantes y r\u00e1pidas a tomar al considerar la internacionalizaci\u00f3n de su marca, adem\u00e1s de expandir su negocio es el registro de su marca.<\/p>\n","protected":false},"author":1,"featured_media":0,"parent":0,"menu_order":0,"comment_status":"closed","ping_status":"closed","template":"","meta":{"footnotes":""},"class_list":["post-2088","page","type-page","status-publish","hentry"],"_links":{"self":[{"href":"https:\/\/dixlog.com\/es\/wp-json\/wp\/v2\/pages\/2088","targetHints":{"allow":["GET"]}}],"collection":[{"href":"https:\/\/dixlog.com\/es\/wp-json\/wp\/v2\/pages"}],"about":[{"href":"https:\/\/dixlog.com\/es\/wp-json\/wp\/v2\/types\/page"}],"author":[{"embeddable":true,"href":"https:\/\/dixlog.com\/es\/wp-json\/wp\/v2\/users\/1"}],"replies":[{"embeddable":true,"href":"https:\/\/dixlog.com\/es\/wp-json\/wp\/v2\/comments?post=2088"}],"version-history":[{"count":10,"href":"https:\/\/dixlog.com\/es\/wp-json\/wp\/v2\/pages\/2088\/revisions"}],"predecessor-version":[{"id":2404,"href":"https:\/\/dixlog.com\/es\/wp-json\/wp\/v2\/pages\/2088\/revisions\/2404"}],"wp:attachment":[{"href":"https:\/\/dixlog.com\/es\/wp-json\/wp\/v2\/media?parent=2088"}],"curies":[{"name":"wp","href":"https:\/\/api.w.org\/{rel}","templated":true}]}}