{"id":2084,"date":"2018-04-11T21:08:02","date_gmt":"2018-04-11T21:08:02","guid":{"rendered":"https:\/\/dixlog.com\/es\/?page_id=2084"},"modified":"2020-10-12T00:12:54","modified_gmt":"2020-10-12T00:12:54","slug":"fba","status":"publish","type":"page","link":"https:\/\/dixlog.com\/es\/fba\/","title":{"rendered":"FBA"},"content":{"rendered":"<div class=\"wpb-content-wrapper\"><p>[vc_row][vc_column width=&#8221;1\/4&#8243;][cms_services_menu services_menu=&#8221;%5B%7B%22name%22%3A%22All%20Services%22%2C%22link%22%3A%22url%3Ahttp%253A%252F%252Fdixlog.com%252Fservices%252F%7C%7C%7C%22%7D%2C%7B%22name%22%3A%22Storage%22%2C%22link%22%3A%22url%3Ahttp%253A%252F%252Fdixlog.com%252Ffulfillment%252F%7C%7C%7C%22%7D%2C%7B%22name%22%3A%22Distribution%22%2C%22link%22%3A%22url%3Ahttp%253A%252F%252Fdixlog.com%252Fdistribution%252F%7C%7C%7C%22%7D%2C%7B%22name%22%3A%22Importation%20and%20Exportation%22%2C%22link%22%3A%22url%3Ahttp%253A%252F%252Fdixlog.com%252Fimportation%252F%7Ctitle%3AImportation%2520and%2520Exportation%7C%7C%22%7D%2C%7B%22name%22%3A%22Cross%20Dock%22%2C%22link%22%3A%22url%3Ahttp%253A%252F%252Fdixlog.com%252Fcross-dock%252F%7Ctitle%3ACross%2520Dock%7C%7C%22%7D%2C%7B%22name%22%3A%22Plataform%22%2C%22link%22%3A%22url%3Ahttp%253A%252F%252Fdixlog.com%252Fplataform%7Ctitle%3APlataform%7C%7C%22%7D%2C%7B%22name%22%3A%22Marketing%22%2C%22link%22%3A%22url%3Ahttp%253A%252F%252Fdixlog.com%252Fmarketing%252F%7Ctitle%3AMarketing%7C%7C%22%7D%2C%7B%22name%22%3A%22Customer%20service%22%2C%22link%22%3A%22url%3Ahttp%253A%252F%252Fdixlog.com%252Fcustomer-service%252F%7Ctitle%3ACustomer%2520service%7C%7C%22%7D%2C%7B%22name%22%3A%22Marketplace%22%2C%22link%22%3A%22url%3Ahttp%253A%252F%252Fdixlog.com%252Fmarketplace%252F%7Ctitle%3AMarketplace%7C%7C%22%7D%2C%7B%22name%22%3A%22FBA%22%2C%22link%22%3A%22url%3Ahttp%253A%252F%252Fdixlog.com%252Ffba%252F%7Ctitle%3AFBA%7C%7C%22%7D%2C%7B%22name%22%3A%22Accounting%22%2C%22link%22%3A%22url%3Ahttp%253A%252F%252Fdixlog.com%252Faccounting%252F%7Ctitle%3AAccounting%7C%7C%22%7D%2C%7B%22name%22%3A%22Trademark%22%2C%22link%22%3A%22url%3Ahttp%253A%252F%252Fdixlog.com%252Ftrademark%252F%7Ctitle%3ATrademark%7C%7C%22%7D%5D&#8221;][vc_widget_sidebar sidebar_id=&#8221;sidebar-footer-top-3&#8243;][\/vc_column][vc_column width=&#8221;3\/4&#8243;][vc_column_text]Con Fulfillment by Amazon (FBA), almacena sus productos en los centros de servicio de Amazon. DixLog ofrece la preparaci\u00f3n de sus productos de manera eficiente y r\u00e1pida, para que su mercanc\u00eda sea enviada a los almacenes de Amazon.<\/p>\n<p>Ofrecemos un servicio de calidad que ayudar\u00e1 a que su empresa crezca en ventas en uno de los jugadores m\u00e1s vendidos del mundo. Para que puedas centrarte en lo que m\u00e1s importa, que son tus ventas, mientras nosotros nos ocupamos de la log\u00edstica de tu empresa.<\/p>\n<p>[\/vc_column_text][\/vc_column][\/vc_row]<\/p>\n<\/div>","protected":false},"excerpt":{"rendered":"<p>[vc_row][vc_column width=&#8221;1\/4&#8243;][cms_services_menu services_menu=&#8221;%5B%7B%22name%22%3A%22All%20Services%22%2C%22link%22%3A%22url%3Ahttp%253A%252F%252Fdixlog.com%252Fservices%252F%7C%7C%7C%22%7D%2C%7B%22name%22%3A%22Storage%22%2C%22link%22%3A%22url%3Ahttp%253A%252F%252Fdixlog.com%252Ffulfillment%252F%7C%7C%7C%22%7D%2C%7B%22name%22%3A%22Distribution%22%2C%22link%22%3A%22url%3Ahttp%253A%252F%252Fdixlog.com%252Fdistribution%252F%7C%7C%7C%22%7D%2C%7B%22name%22%3A%22Importation%20and%20Exportation%22%2C%22link%22%3A%22url%3Ahttp%253A%252F%252Fdixlog.com%252Fimportation%252F%7Ctitle%3AImportation%2520and%2520Exportation%7C%7C%22%7D%2C%7B%22name%22%3A%22Cross%20Dock%22%2C%22link%22%3A%22url%3Ahttp%253A%252F%252Fdixlog.com%252Fcross-dock%252F%7Ctitle%3ACross%2520Dock%7C%7C%22%7D%2C%7B%22name%22%3A%22Plataform%22%2C%22link%22%3A%22url%3Ahttp%253A%252F%252Fdixlog.com%252Fplataform%7Ctitle%3APlataform%7C%7C%22%7D%2C%7B%22name%22%3A%22Marketing%22%2C%22link%22%3A%22url%3Ahttp%253A%252F%252Fdixlog.com%252Fmarketing%252F%7Ctitle%3AMarketing%7C%7C%22%7D%2C%7B%22name%22%3A%22Customer%20service%22%2C%22link%22%3A%22url%3Ahttp%253A%252F%252Fdixlog.com%252Fcustomer-service%252F%7Ctitle%3ACustomer%2520service%7C%7C%22%7D%2C%7B%22name%22%3A%22Marketplace%22%2C%22link%22%3A%22url%3Ahttp%253A%252F%252Fdixlog.com%252Fmarketplace%252F%7Ctitle%3AMarketplace%7C%7C%22%7D%2C%7B%22name%22%3A%22FBA%22%2C%22link%22%3A%22url%3Ahttp%253A%252F%252Fdixlog.com%252Ffba%252F%7Ctitle%3AFBA%7C%7C%22%7D%2C%7B%22name%22%3A%22Accounting%22%2C%22link%22%3A%22url%3Ahttp%253A%252F%252Fdixlog.com%252Faccounting%252F%7Ctitle%3AAccounting%7C%7C%22%7D%2C%7B%22name%22%3A%22Trademark%22%2C%22link%22%3A%22url%3Ahttp%253A%252F%252Fdixlog.com%252Ftrademark%252F%7Ctitle%3ATrademark%7C%7C%22%7D%5D&#8221;][vc_widget_sidebar sidebar_id=&#8221;sidebar-footer-top-3&#8243;][\/vc_column][vc_column width=&#8221;3\/4&#8243;][vc_column_text]Con Fulfillment by Amazon (FBA), almacena sus productos en los centros de servicio de Amazon. DixLog ofrece la preparaci\u00f3n de sus productos de manera eficiente y r\u00e1pida, para<\/p>\n","protected":false},"author":1,"featured_media":0,"parent":0,"menu_order":0,"comment_status":"closed","ping_status":"closed","template":"","meta":{"footnotes":""},"class_list":["post-2084","page","type-page","status-publish","hentry"],"_links":{"self":[{"href":"https:\/\/dixlog.com\/es\/wp-json\/wp\/v2\/pages\/2084","targetHints":{"allow":["GET"]}}],"collection":[{"href":"https:\/\/dixlog.com\/es\/wp-json\/wp\/v2\/pages"}],"about":[{"href":"https:\/\/dixlog.com\/es\/wp-json\/wp\/v2\/types\/page"}],"author":[{"embeddable":true,"href":"https:\/\/dixlog.com\/es\/wp-json\/wp\/v2\/users\/1"}],"replies":[{"embeddable":true,"href":"https:\/\/dixlog.com\/es\/wp-json\/wp\/v2\/comments?post=2084"}],"version-history":[{"count":16,"href":"https:\/\/dixlog.com\/es\/wp-json\/wp\/v2\/pages\/2084\/revisions"}],"predecessor-version":[{"id":2397,"href":"https:\/\/dixlog.com\/es\/wp-json\/wp\/v2\/pages\/2084\/revisions\/2397"}],"wp:attachment":[{"href":"https:\/\/dixlog.com\/es\/wp-json\/wp\/v2\/media?parent=2084"}],"curies":[{"name":"wp","href":"https:\/\/api.w.org\/{rel}","templated":true}]}}