{"id":2072,"date":"2018-04-11T21:05:21","date_gmt":"2018-04-11T21:05:21","guid":{"rendered":"https:\/\/dixlog.com\/es\/?page_id=2072"},"modified":"2020-10-12T00:12:20","modified_gmt":"2020-10-12T00:12:20","slug":"distribution","status":"publish","type":"page","link":"https:\/\/dixlog.com\/es\/distribution\/","title":{"rendered":"Distribuci\u00f3n"},"content":{"rendered":"<div class=\"wpb-content-wrapper\"><p>[vc_row][vc_column width=&#8221;1\/4&#8243;][cms_services_menu services_menu=&#8221;%5B%7B%22name%22%3A%22All%20Services%22%2C%22link%22%3A%22url%3Ahttp%253A%252F%252Fdixlog.com%252Fservices%252F%7C%7C%7C%22%7D%2C%7B%22name%22%3A%22Storage%22%2C%22link%22%3A%22url%3Ahttp%253A%252F%252Fdixlog.com%252Ffulfillment%252F%7C%7C%7C%22%7D%2C%7B%22name%22%3A%22Distribution%22%2C%22link%22%3A%22url%3Ahttp%253A%252F%252Fdixlog.com%252Fdistribution%252F%7C%7C%7C%22%7D%2C%7B%22name%22%3A%22Importation%20and%20Exportation%22%2C%22link%22%3A%22url%3Ahttp%253A%252F%252Fdixlog.com%252Fimportation%252F%7Ctitle%3AImportation%2520and%2520Exportation%7C%7C%22%7D%2C%7B%22name%22%3A%22Cross%20Dock%22%2C%22link%22%3A%22url%3Ahttp%253A%252F%252Fdixlog.com%252Fcross-dock%252F%7Ctitle%3ACross%2520Dock%7C%7C%22%7D%2C%7B%22name%22%3A%22Plataform%22%2C%22link%22%3A%22url%3Ahttp%253A%252F%252Fdixlog.com%252Fplataform%7Ctitle%3APlataform%7C%7C%22%7D%2C%7B%22name%22%3A%22Marketing%22%2C%22link%22%3A%22url%3Ahttp%253A%252F%252Fdixlog.com%252Fmarketing%252F%7Ctitle%3AMarketing%7C%7C%22%7D%2C%7B%22name%22%3A%22Customer%20service%22%2C%22link%22%3A%22url%3Ahttp%253A%252F%252Fdixlog.com%252Fcustomer-service%252F%7Ctitle%3ACustomer%2520service%7C%7C%22%7D%2C%7B%22name%22%3A%22Marketplace%22%2C%22link%22%3A%22url%3Ahttp%253A%252F%252Fdixlog.com%252Fmarketplace%252F%7Ctitle%3AMarketplace%7C%7C%22%7D%2C%7B%22name%22%3A%22FBA%22%2C%22link%22%3A%22url%3Ahttp%253A%252F%252Fdixlog.com%252Ffba%252F%7Ctitle%3AFBA%7C%7C%22%7D%2C%7B%22name%22%3A%22Accounting%22%2C%22link%22%3A%22url%3Ahttp%253A%252F%252Fdixlog.com%252Faccounting%252F%7Ctitle%3AAccounting%7C%7C%22%7D%2C%7B%22name%22%3A%22Trademark%22%2C%22link%22%3A%22url%3Ahttp%253A%252F%252Fdixlog.com%252Ftrademark%252F%7Ctitle%3ATrademark%7C%7C%22%7D%5D&#8221;][vc_widget_sidebar sidebar_id=&#8221;sidebar-footer-top-3&#8243;][\/vc_column][vc_column width=&#8221;3\/4&#8243;][vc_column_text]Al comprender sus desaf\u00edos y anticipar sus necesidades comerciales y log\u00edsticas, los expertos de DIXLOG pueden brindarle soluciones concretas que contribuir\u00e1n al valor de su negocio.<\/p>\n<p>Distribuimos los productos de su empresa en todo EE. UU. Y en 56 pa\u00edses. Ya sea que su enfoque sea el comercio electr\u00f3nico o la venta al por mayor, estamos comprometidos a garantizar la agilidad y la calidad en la selecci\u00f3n y env\u00edo de los productos.<\/p>\n<p>Todo el proceso se realiza con gran cuidado y seguridad, y nuestros clientes pueden rastrear el inventario de los productos en tiempo real a trav\u00e9s de nuestros sistemas.<\/p>\n<p>\u00bfYa posee o alquila su propio espacio y necesita un socio experimentado para operarlo y administrarlo por usted? DIXLOG ofrece la soluci\u00f3n. Cont\u00e1ctenos.[\/vc_column_text][\/vc_column][\/vc_row]<\/p>\n<\/div>","protected":false},"excerpt":{"rendered":"<p>[vc_row][vc_column width=&#8221;1\/4&#8243;][cms_services_menu services_menu=&#8221;%5B%7B%22name%22%3A%22All%20Services%22%2C%22link%22%3A%22url%3Ahttp%253A%252F%252Fdixlog.com%252Fservices%252F%7C%7C%7C%22%7D%2C%7B%22name%22%3A%22Storage%22%2C%22link%22%3A%22url%3Ahttp%253A%252F%252Fdixlog.com%252Ffulfillment%252F%7C%7C%7C%22%7D%2C%7B%22name%22%3A%22Distribution%22%2C%22link%22%3A%22url%3Ahttp%253A%252F%252Fdixlog.com%252Fdistribution%252F%7C%7C%7C%22%7D%2C%7B%22name%22%3A%22Importation%20and%20Exportation%22%2C%22link%22%3A%22url%3Ahttp%253A%252F%252Fdixlog.com%252Fimportation%252F%7Ctitle%3AImportation%2520and%2520Exportation%7C%7C%22%7D%2C%7B%22name%22%3A%22Cross%20Dock%22%2C%22link%22%3A%22url%3Ahttp%253A%252F%252Fdixlog.com%252Fcross-dock%252F%7Ctitle%3ACross%2520Dock%7C%7C%22%7D%2C%7B%22name%22%3A%22Plataform%22%2C%22link%22%3A%22url%3Ahttp%253A%252F%252Fdixlog.com%252Fplataform%7Ctitle%3APlataform%7C%7C%22%7D%2C%7B%22name%22%3A%22Marketing%22%2C%22link%22%3A%22url%3Ahttp%253A%252F%252Fdixlog.com%252Fmarketing%252F%7Ctitle%3AMarketing%7C%7C%22%7D%2C%7B%22name%22%3A%22Customer%20service%22%2C%22link%22%3A%22url%3Ahttp%253A%252F%252Fdixlog.com%252Fcustomer-service%252F%7Ctitle%3ACustomer%2520service%7C%7C%22%7D%2C%7B%22name%22%3A%22Marketplace%22%2C%22link%22%3A%22url%3Ahttp%253A%252F%252Fdixlog.com%252Fmarketplace%252F%7Ctitle%3AMarketplace%7C%7C%22%7D%2C%7B%22name%22%3A%22FBA%22%2C%22link%22%3A%22url%3Ahttp%253A%252F%252Fdixlog.com%252Ffba%252F%7Ctitle%3AFBA%7C%7C%22%7D%2C%7B%22name%22%3A%22Accounting%22%2C%22link%22%3A%22url%3Ahttp%253A%252F%252Fdixlog.com%252Faccounting%252F%7Ctitle%3AAccounting%7C%7C%22%7D%2C%7B%22name%22%3A%22Trademark%22%2C%22link%22%3A%22url%3Ahttp%253A%252F%252Fdixlog.com%252Ftrademark%252F%7Ctitle%3ATrademark%7C%7C%22%7D%5D&#8221;][vc_widget_sidebar sidebar_id=&#8221;sidebar-footer-top-3&#8243;][\/vc_column][vc_column width=&#8221;3\/4&#8243;][vc_column_text]Al comprender sus desaf\u00edos y anticipar sus necesidades comerciales y log\u00edsticas, los expertos de DIXLOG pueden brindarle soluciones concretas que contribuir\u00e1n al valor de su negocio. Distribuimos los<\/p>\n","protected":false},"author":1,"featured_media":0,"parent":0,"menu_order":0,"comment_status":"closed","ping_status":"closed","template":"","meta":{"footnotes":""},"class_list":["post-2072","page","type-page","status-publish","hentry"],"_links":{"self":[{"href":"https:\/\/dixlog.com\/es\/wp-json\/wp\/v2\/pages\/2072","targetHints":{"allow":["GET"]}}],"collection":[{"href":"https:\/\/dixlog.com\/es\/wp-json\/wp\/v2\/pages"}],"about":[{"href":"https:\/\/dixlog.com\/es\/wp-json\/wp\/v2\/types\/page"}],"author":[{"embeddable":true,"href":"https:\/\/dixlog.com\/es\/wp-json\/wp\/v2\/users\/1"}],"replies":[{"embeddable":true,"href":"https:\/\/dixlog.com\/es\/wp-json\/wp\/v2\/comments?post=2072"}],"version-history":[{"count":9,"href":"https:\/\/dixlog.com\/es\/wp-json\/wp\/v2\/pages\/2072\/revisions"}],"predecessor-version":[{"id":2395,"href":"https:\/\/dixlog.com\/es\/wp-json\/wp\/v2\/pages\/2072\/revisions\/2395"}],"wp:attachment":[{"href":"https:\/\/dixlog.com\/es\/wp-json\/wp\/v2\/media?parent=2072"}],"curies":[{"name":"wp","href":"https:\/\/api.w.org\/{rel}","templated":true}]}}