{"id":1868,"date":"2017-12-05T01:11:18","date_gmt":"2017-12-05T01:11:18","guid":{"rendered":"https:\/\/dixlog.com\/es\/?page_id=1868"},"modified":"2020-10-12T00:15:10","modified_gmt":"2020-10-12T00:15:10","slug":"cross-dock","status":"publish","type":"page","link":"https:\/\/dixlog.com\/es\/cross-dock\/","title":{"rendered":"Cross Dock"},"content":{"rendered":"<div class=\"wpb-content-wrapper\"><p>[vc_row][vc_column width=&#8221;1\/4&#8243;][cms_services_menu services_menu=&#8221;%5B%7B%22name%22%3A%22All%20Services%22%2C%22link%22%3A%22url%3Ahttp%253A%252F%252Fdixlog.com%252Fservices%252F%7C%7C%7C%22%7D%2C%7B%22name%22%3A%22Storage%22%2C%22link%22%3A%22url%3Ahttp%253A%252F%252Fdixlog.com%252Ffulfillment%252F%7C%7C%7C%22%7D%2C%7B%22name%22%3A%22Distribution%22%2C%22link%22%3A%22url%3Ahttp%253A%252F%252Fdixlog.com%252Fdistribution%252F%7C%7C%7C%22%7D%2C%7B%22name%22%3A%22Importation%20and%20Exportation%22%2C%22link%22%3A%22url%3Ahttp%253A%252F%252Fdixlog.com%252Fimportation%252F%7Ctitle%3AImportation%2520and%2520Exportation%7C%7C%22%7D%2C%7B%22name%22%3A%22Cross%20Dock%22%2C%22link%22%3A%22url%3Ahttp%253A%252F%252Fdixlog.com%252Fcross-dock%252F%7Ctitle%3ACross%2520Dock%7C%7C%22%7D%2C%7B%22name%22%3A%22Plataform%22%2C%22link%22%3A%22url%3Ahttp%253A%252F%252Fdixlog.com%252Fplataform%7Ctitle%3APlataform%7C%7C%22%7D%2C%7B%22name%22%3A%22Marketing%22%2C%22link%22%3A%22url%3Ahttp%253A%252F%252Fdixlog.com%252Fmarketing%252F%7Ctitle%3AMarketing%7C%7C%22%7D%2C%7B%22name%22%3A%22Customer%20service%22%2C%22link%22%3A%22url%3Ahttp%253A%252F%252Fdixlog.com%252Fcustomer-service%252F%7Ctitle%3ACustomer%2520service%7C%7C%22%7D%2C%7B%22name%22%3A%22Marketplace%22%2C%22link%22%3A%22url%3Ahttp%253A%252F%252Fdixlog.com%252Fmarketplace%252F%7Ctitle%3AMarketplace%7C%7C%22%7D%2C%7B%22name%22%3A%22FBA%22%2C%22link%22%3A%22url%3Ahttp%253A%252F%252Fdixlog.com%252Ffba%252F%7Ctitle%3AFBA%7C%7C%22%7D%2C%7B%22name%22%3A%22Accounting%22%2C%22link%22%3A%22url%3Ahttp%253A%252F%252Fdixlog.com%252Faccounting%252F%7Ctitle%3AAccounting%7C%7C%22%7D%2C%7B%22name%22%3A%22Trademark%22%2C%22link%22%3A%22url%3Ahttp%253A%252F%252Fdixlog.com%252Ftrademark%252F%7Ctitle%3ATrademark%7C%7C%22%7D%5D&#8221;][vc_widget_sidebar sidebar_id=&#8221;sidebar-footer-top-3&#8243;][\/vc_column][vc_column width=&#8221;3\/4&#8243;][vc_column_text]Ofrecemos servicios log\u00edsticos integrados para ayudar a agilizar su proceso de distribuci\u00f3n y optimizar su eficiencia operativa.<\/p>\n<p>En este escenario, brindamos un servicio eficiente de cross docking, que es el proceso log\u00edstico de recibir mercanc\u00edas y enviarlas el mismo d\u00eda o en unos pocos d\u00edas, casi sin ning\u00fan requisito de almacenamiento. Esto lleva a que se reduzcan los costos de almacenamiento y los productos se env\u00eden r\u00e1pidamente.<\/p>\n<p>Ayudamos a los clientes con las necesidades de peque\u00f1as cargas de paquetes, as\u00ed como con el cross docking de grandes env\u00edos, ya sea por v\u00eda a\u00e9rea o mar\u00edtima.<\/p>\n<p>Cuente con el DIXLOG. Puede contactarnos por correo electr\u00f3nico o por tel\u00e9fono.[\/vc_column_text][\/vc_column][\/vc_row]<\/p>\n<\/div>","protected":false},"excerpt":{"rendered":"<p>[vc_row][vc_column width=&#8221;1\/4&#8243;][cms_services_menu services_menu=&#8221;%5B%7B%22name%22%3A%22All%20Services%22%2C%22link%22%3A%22url%3Ahttp%253A%252F%252Fdixlog.com%252Fservices%252F%7C%7C%7C%22%7D%2C%7B%22name%22%3A%22Storage%22%2C%22link%22%3A%22url%3Ahttp%253A%252F%252Fdixlog.com%252Ffulfillment%252F%7C%7C%7C%22%7D%2C%7B%22name%22%3A%22Distribution%22%2C%22link%22%3A%22url%3Ahttp%253A%252F%252Fdixlog.com%252Fdistribution%252F%7C%7C%7C%22%7D%2C%7B%22name%22%3A%22Importation%20and%20Exportation%22%2C%22link%22%3A%22url%3Ahttp%253A%252F%252Fdixlog.com%252Fimportation%252F%7Ctitle%3AImportation%2520and%2520Exportation%7C%7C%22%7D%2C%7B%22name%22%3A%22Cross%20Dock%22%2C%22link%22%3A%22url%3Ahttp%253A%252F%252Fdixlog.com%252Fcross-dock%252F%7Ctitle%3ACross%2520Dock%7C%7C%22%7D%2C%7B%22name%22%3A%22Plataform%22%2C%22link%22%3A%22url%3Ahttp%253A%252F%252Fdixlog.com%252Fplataform%7Ctitle%3APlataform%7C%7C%22%7D%2C%7B%22name%22%3A%22Marketing%22%2C%22link%22%3A%22url%3Ahttp%253A%252F%252Fdixlog.com%252Fmarketing%252F%7Ctitle%3AMarketing%7C%7C%22%7D%2C%7B%22name%22%3A%22Customer%20service%22%2C%22link%22%3A%22url%3Ahttp%253A%252F%252Fdixlog.com%252Fcustomer-service%252F%7Ctitle%3ACustomer%2520service%7C%7C%22%7D%2C%7B%22name%22%3A%22Marketplace%22%2C%22link%22%3A%22url%3Ahttp%253A%252F%252Fdixlog.com%252Fmarketplace%252F%7Ctitle%3AMarketplace%7C%7C%22%7D%2C%7B%22name%22%3A%22FBA%22%2C%22link%22%3A%22url%3Ahttp%253A%252F%252Fdixlog.com%252Ffba%252F%7Ctitle%3AFBA%7C%7C%22%7D%2C%7B%22name%22%3A%22Accounting%22%2C%22link%22%3A%22url%3Ahttp%253A%252F%252Fdixlog.com%252Faccounting%252F%7Ctitle%3AAccounting%7C%7C%22%7D%2C%7B%22name%22%3A%22Trademark%22%2C%22link%22%3A%22url%3Ahttp%253A%252F%252Fdixlog.com%252Ftrademark%252F%7Ctitle%3ATrademark%7C%7C%22%7D%5D&#8221;][vc_widget_sidebar sidebar_id=&#8221;sidebar-footer-top-3&#8243;][\/vc_column][vc_column width=&#8221;3\/4&#8243;][vc_column_text]Ofrecemos servicios log\u00edsticos integrados para ayudar a agilizar su proceso de distribuci\u00f3n y optimizar su eficiencia operativa. En este escenario, brindamos un servicio eficiente de cross docking, que<\/p>\n","protected":false},"author":1,"featured_media":0,"parent":0,"menu_order":0,"comment_status":"closed","ping_status":"closed","template":"","meta":{"footnotes":""},"class_list":["post-1868","page","type-page","status-publish","hentry"],"_links":{"self":[{"href":"https:\/\/dixlog.com\/es\/wp-json\/wp\/v2\/pages\/1868","targetHints":{"allow":["GET"]}}],"collection":[{"href":"https:\/\/dixlog.com\/es\/wp-json\/wp\/v2\/pages"}],"about":[{"href":"https:\/\/dixlog.com\/es\/wp-json\/wp\/v2\/types\/page"}],"author":[{"embeddable":true,"href":"https:\/\/dixlog.com\/es\/wp-json\/wp\/v2\/users\/1"}],"replies":[{"embeddable":true,"href":"https:\/\/dixlog.com\/es\/wp-json\/wp\/v2\/comments?post=1868"}],"version-history":[{"count":20,"href":"https:\/\/dixlog.com\/es\/wp-json\/wp\/v2\/pages\/1868\/revisions"}],"predecessor-version":[{"id":2400,"href":"https:\/\/dixlog.com\/es\/wp-json\/wp\/v2\/pages\/1868\/revisions\/2400"}],"wp:attachment":[{"href":"https:\/\/dixlog.com\/es\/wp-json\/wp\/v2\/media?parent=1868"}],"curies":[{"name":"wp","href":"https:\/\/api.w.org\/{rel}","templated":true}]}}