{"id":1491,"date":"2016-09-19T08:41:24","date_gmt":"2016-09-19T08:41:24","guid":{"rendered":"http:\/\/dev.joomexp.com\/wordpress\/wp-transpress\/?page_id=9"},"modified":"2020-10-12T00:26:53","modified_gmt":"2020-10-12T00:26:53","slug":"who-we-are","status":"publish","type":"page","link":"https:\/\/dixlog.com\/es\/who-we-are\/","title":{"rendered":"Quienes somos"},"content":{"rendered":"<div class=\"wpb-content-wrapper\"><p>[vc_row css=&#8221;.vc_custom_1476673434401{padding-top: 106px !important;padding-bottom: 70px !important;}&#8221;][vc_column][vc_custom_heading text=&#8221;POCAS PALABRAS SOBRE NOSOTROS&#8221; font_container=&#8221;tag:h2|text_align:center&#8221; use_theme_fonts=&#8221;yes&#8221; show_border_bottom=&#8221;1&#8243; subtitle_color=&#8221;#878787&#8243; sub_title=&#8221;<br \/>\n&#8221; css=&#8221;.vc_custom_1602461940888{margin-bottom: 50px !important;}&#8221;]Somos un equipo de profesionales con m\u00e1s de 20 a\u00f1os de experiencia. Ofrecemos los servicios combinados de Log\u00edstica, E-commerce y Back Office para su empresa.[\/vc_custom_heading][vc_row_inner][vc_column_inner width=&#8221;1\/3&#8243; css_animation=&#8221;cms_animate fadeIn wow&#8221; css_animation_delay=&#8221;200ms&#8221; css=&#8221;.vc_custom_1478075145910{margin-bottom: 30px !important;}&#8221;][cms_fancybox_single fancy_style=&#8221;style-5&#8243; icon_fontawesome=&#8221;fa fa-check-square-o&#8221; title_item=&#8221;Por qu\u00e9 elegirnos&#8221; cms_template=&#8221;cms_fancybox_single.php&#8221; description_item=&#8221;Somos una empresa enfocada a la operaci\u00f3n log\u00edstica, gesti\u00f3n de comercio electr\u00f3nico y back office en USA con bajo costo y excelencia en todo lo que hace.&#8221; link=&#8221;|||&#8221;][\/vc_column_inner][vc_column_inner width=&#8221;1\/3&#8243; css_animation=&#8221;cms_animate fadeIn wow&#8221; css_animation_delay=&#8221;300ms&#8221; css=&#8221;.vc_custom_1478075155537{margin-bottom: 30px !important;}&#8221;][cms_fancybox_single fancy_style=&#8221;style-5&#8243; icon_fontawesome=&#8221;fa fa-paper-plane&#8221; title_item=&#8221;Nuestra misi\u00f3n&#8221; cms_template=&#8221;cms_fancybox_single.php&#8221; description_item=&#8221;Hacer que nuestro cliente tenga el menor costo log\u00edstico y operativo, para la expansi\u00f3n de su empresa en el mercado americano.&#8221;][\/vc_column_inner][vc_column_inner width=&#8221;1\/3&#8243; css_animation=&#8221;cms_animate fadeIn wow&#8221; css_animation_delay=&#8221;400ms&#8221; css=&#8221;.vc_custom_1478075164933{margin-bottom: 30px !important;}&#8221;][cms_fancybox_single fancy_style=&#8221;style-5&#8243; icon_fontawesome=&#8221;fa fa-cogs&#8221; title_item=&#8221;Que hacemos&#8221; cms_template=&#8221;cms_fancybox_single.php&#8221; description_item=&#8221;Realizamos proyectos a medida, de acuerdo a sus necesidades, enfoc\u00e1ndonos en el bajo costo y la excelencia de los servicios brindados.&#8221;][\/vc_column_inner][\/vc_row_inner][\/vc_column][\/vc_row][vc_row full_width=&#8221;stretch_row&#8221; equal_height=&#8221;yes&#8221; content_placement=&#8221;middle&#8221; ftt_type=&#8221;sub60&#8243; css=&#8221;.vc_custom_1523555745174{background-color: #5bbe36 !important;background-position: 0 0 !important;background-repeat: no-repeat !important;}&#8221;][vc_column css=&#8221;.vc_custom_1512651186679{margin-bottom: 30px !important;padding-top: 62px !important;padding-bottom: 68px !important;}&#8221; offset=&#8221;vc_col-lg-6&#8243;][vc_custom_heading text=&#8221;LA EMPRESA EN LA QUE PUEDE CONFIAR&#8221; font_container=&#8221;tag:h2|text_align:left|color:%23ffffff&#8221; use_theme_fonts=&#8221;yes&#8221; css_animation=&#8221;cms_animate wow fadeInRight&#8221; show_border_bottom=&#8221;1&#8243; border_bottom_color=&#8221;#ffffff&#8221; css=&#8221;.vc_custom_1602462033302{margin-bottom: 46px !important;}&#8221;][\/vc_custom_heading][vc_column_text el_class=&#8221;padding-right-100 text-white&#8221;]DIXLOG es el l\u00edder del mercado en servicio completo para empresas enfocadas en expandir su negocio a los EE. UU. Ofrecemos la soluci\u00f3n m\u00e1s completa para su negocio.<\/p>\n<p>Dentro de una estructura 100% propia, ofrecemos know-how y servicios en un solo lugar. Nos encargamos de toda la log\u00edstica, desde la importaci\u00f3n de los productos hasta la entrega al cliente final, adem\u00e1s de encargarnos tambi\u00e9n de la gesti\u00f3n de tu e-commerce, ofreciendo soporte administrativo y financiero para toda la operaci\u00f3n en USA.<\/p>\n<p>Hemos logrado combinar la reducci\u00f3n de precios de nuestros servicios con un servicio de excelencia, que le permitir\u00e1 enfocarse en las ventas, resultando en el crecimiento de su empresa.<\/p>\n<p>Con una estructura integrada que garantiza una excelente calidad de servicio y eficiencia, siempre estamos enfocados en la innovaci\u00f3n, el desempe\u00f1o y los resultados.<\/p>\n<p>Si su objetivo es expandir su marca a los Estados Unidos, DIXLOG es la empresa que le brindar\u00e1 el mejor servicio y el menor costo.<\/p>\n<p>Conoce el modelo de servicio completo para la internacionalizaci\u00f3n de tu e-commerce y tu marca y comprende c\u00f3mo monetizar tu negocio a trav\u00e9s de una soluci\u00f3n completa, integrada y segura.[\/vc_column_text][\/vc_column][vc_column css_animation=&#8221;cms_animate wow slideInRight&#8221; fill_place=&#8221;1&#8243; css_animation_delay=&#8221;300ms&#8221; offset=&#8221;vc_col-lg-6 vc_hidden-md vc_hidden-sm vc_hidden-xs&#8221;][vc_single_image image=&#8221;2219&#8243; img_size=&#8221;full&#8221; alignment=&#8221;right&#8221; css_animation=&#8221;bounceIn&#8221; has_position=&#8221;&#8221;][\/vc_column][\/vc_row]<\/p>\n<\/div>","protected":false},"excerpt":{"rendered":"<p>[vc_row css=&#8221;.vc_custom_1476673434401{padding-top: 106px !important;padding-bottom: 70px !important;}&#8221;][vc_column][vc_custom_heading text=&#8221;POCAS PALABRAS SOBRE NOSOTROS&#8221; font_container=&#8221;tag:h2|text_align:center&#8221; use_theme_fonts=&#8221;yes&#8221; show_border_bottom=&#8221;1&#8243; subtitle_color=&#8221;#878787&#8243; sub_title=&#8221; &#8221; css=&#8221;.vc_custom_1602461940888{margin-bottom: 50px !important;}&#8221;]Somos un equipo de profesionales con m\u00e1s de 20 a\u00f1os de experiencia. Ofrecemos los<\/p>\n","protected":false},"author":1,"featured_media":0,"parent":0,"menu_order":0,"comment_status":"closed","ping_status":"closed","template":"","meta":{"footnotes":""},"class_list":["post-1491","page","type-page","status-publish","hentry"],"_links":{"self":[{"href":"https:\/\/dixlog.com\/es\/wp-json\/wp\/v2\/pages\/1491","targetHints":{"allow":["GET"]}}],"collection":[{"href":"https:\/\/dixlog.com\/es\/wp-json\/wp\/v2\/pages"}],"about":[{"href":"https:\/\/dixlog.com\/es\/wp-json\/wp\/v2\/types\/page"}],"author":[{"embeddable":true,"href":"https:\/\/dixlog.com\/es\/wp-json\/wp\/v2\/users\/1"}],"replies":[{"embeddable":true,"href":"https:\/\/dixlog.com\/es\/wp-json\/wp\/v2\/comments?post=1491"}],"version-history":[{"count":52,"href":"https:\/\/dixlog.com\/es\/wp-json\/wp\/v2\/pages\/1491\/revisions"}],"predecessor-version":[{"id":2408,"href":"https:\/\/dixlog.com\/es\/wp-json\/wp\/v2\/pages\/1491\/revisions\/2408"}],"wp:attachment":[{"href":"https:\/\/dixlog.com\/es\/wp-json\/wp\/v2\/media?parent=1491"}],"curies":[{"name":"wp","href":"https:\/\/api.w.org\/{rel}","templated":true}]}}