{"id":139,"date":"2016-09-19T09:06:09","date_gmt":"2016-09-19T09:06:09","guid":{"rendered":"http:\/\/dev.joomexp.com\/wordpress\/wp-transpress\/?page_id=139"},"modified":"2020-10-12T00:31:02","modified_gmt":"2020-10-12T00:31:02","slug":"services","status":"publish","type":"page","link":"https:\/\/dixlog.com\/es\/services\/","title":{"rendered":"Servicios"},"content":{"rendered":"<div class=\"wpb-content-wrapper\"><p>[vc_row full_width=&#8221;stretch_row&#8221; css_animation=&#8221;cms_animate fadeIn wow&#8221; float_to_top=&#8221;&#8221; row_custom_paralax=&#8221;&#8221; css=&#8221;.vc_custom_1523538752940{padding-top: 96px !important;padding-bottom: 67px !important;background-position: center !important;background-repeat: no-repeat !important;background-size: cover !important;}&#8221;][vc_column][vc_row_inner][vc_column_inner width=&#8221;1\/3&#8243;][cms_fancybox_single fancy_style=&#8221;style-6&#8243; title_item=&#8221;ALMACENAMIENTO&#8221; cms_template=&#8221;cms_fancybox_single.php&#8221; link=&#8221;url:https%3A%2F%2Fdixlog.com%2Fes%2Fstorage%2F|title:STORAGE||&#8221; image=&#8221;2151&#8243; description_item=&#8221;Centr\u00e1ndonos en la efectividad operativa, nuestro objetivo es ganar el costo de operaci\u00f3n m\u00e1s bajo con uno de los jugadores m\u00e1s grandes del mundo.&#8221;][\/vc_column_inner][vc_column_inner width=&#8221;1\/3&#8243;][cms_fancybox_single fancy_style=&#8221;style-6&#8243; title_item=&#8221;DISTRIBUCI\u00d3N&#8221; cms_template=&#8221;cms_fancybox_single.php&#8221; description_item=&#8221;Distribuimos los productos de su empresa en todo EE. UU. Y en 56 pa\u00edses.&#8221; link=&#8221;url:https%3A%2F%2Fdixlog.com%2Fes%2Fdistribution%2F|title:DISTRIBUTION||&#8221; image=&#8221;2149&#8243;][\/vc_column_inner][vc_column_inner width=&#8221;1\/3&#8243;][cms_fancybox_single fancy_style=&#8221;style-6&#8243; title_item=&#8221;IMPORTACION Y EXPORTACION&#8221; cms_template=&#8221;cms_fancybox_single.php&#8221; description_item=&#8221;Realizamos todo el proceso de importaci\u00f3n en USA as\u00ed como exportamos desde USA a otros pa\u00edses.&#8221; link=&#8221;url:https%3A%2F%2Fdixlog.com%2Fes%2Fimportation%2F|title:IMPORTATION%20AND%20EXPORTATION||&#8221; image=&#8221;2152&#8243;][\/vc_column_inner][\/vc_row_inner][vc_row_inner][vc_column_inner width=&#8221;1\/3&#8243;][cms_fancybox_single fancy_style=&#8221;style-6&#8243; title_item=&#8221;CROSS DOCK&#8221; cms_template=&#8221;cms_fancybox_single.php&#8221; description_item=&#8221;Ofrecemos servicios log\u00edsticos integrados para ayudar a agilizar su proceso de distribuci\u00f3n y optimizar su eficiencia operativa.&#8221; link=&#8221;url:https%3A%2F%2Fdixlog.com%2Fes%2Fcross-dock%2F|title:CROSS%20DOCK||&#8221; image=&#8221;2147&#8243;][\/vc_column_inner][vc_column_inner width=&#8221;1\/3&#8243;][cms_fancybox_single fancy_style=&#8221;style-6&#8243; title_item=&#8221;PLATAFORMA&#8221; cms_template=&#8221;cms_fancybox_single.php&#8221; description_item=&#8221;DIXLOG cuenta con profesionales especializados en el manejo de plataformas de comercio electr\u00f3nico, listos para operar su tienda en USA.&#8221; link=&#8221;url:https%3A%2F%2Fdixlog.com%2Fes%2Fplataform%2F|title:PLATAFORM||&#8221; image=&#8221;2155&#8243;][\/vc_column_inner][vc_column_inner width=&#8221;1\/3&#8243;][cms_fancybox_single fancy_style=&#8221;style-6&#8243; title_item=&#8221;MARKETING&#8221; cms_template=&#8221;cms_fancybox_single.php&#8221; description_item=&#8221;Junto a su empresa, realizamos la planificaci\u00f3n estrat\u00e9gica y ejecuci\u00f3n del marketing de su e-commerce al mercado americano.&#8221; link=&#8221;url:https%3A%2F%2Fdixlog.com%2Fes%2Fmarketing%2F|title:MARKETING||&#8221; image=&#8221;2153&#8243;][\/vc_column_inner][\/vc_row_inner][vc_row_inner][vc_column_inner width=&#8221;1\/3&#8243;][cms_fancybox_single fancy_style=&#8221;style-6&#8243; title_item=&#8221;SERVICIO AL CLIENTE&#8221; cms_template=&#8221;cms_fancybox_single.php&#8221; description_item=&#8221;El enfoque en la excelencia en el servicio al cliente es uno de nuestros pilares. Con un SAC de excelencia es posible despertar el engagement de los consumidores, lo que ayuda en la visibilidad de tu marca y en la generaci\u00f3n de m\u00e1s ventas.&#8221; link=&#8221;url:https%3A%2F%2Fdixlog.com%2Fes%2Fcustomer-service%2F|title:CUSTUMER%20SERVICE||&#8221; image=&#8221;2148&#8243;][\/vc_column_inner][vc_column_inner width=&#8221;1\/3&#8243;][cms_fancybox_single fancy_style=&#8221;style-6&#8243; title_item=&#8221;MARKETPLACE&#8221; cms_template=&#8221;cms_fancybox_single.php&#8221; description_item=&#8221;Integramos tu tienda con diferentes marketplaces en USA, insertando tus productos en los mayores vendedores del mundo, todo de forma integrada, con un \u00fanico stock.&#8221; link=&#8221;url:https%3A%2F%2Fdixlog.com%2Fes%2Fmarketplace%2F|title:MARKETPLACE||&#8221; image=&#8221;2154&#8243;][\/vc_column_inner][vc_column_inner width=&#8221;1\/3&#8243;][cms_fancybox_single fancy_style=&#8221;style-6&#8243; title_item=&#8221;FBA&#8221; cms_template=&#8221;cms_fancybox_single.php&#8221; description_item=&#8221;Centr\u00e1ndonos en la efectividad operativa, nuestro objetivo es ganar el costo de operaci\u00f3n m\u00e1s bajo en uno de los actores m\u00e1s grandes del mundo.&#8221; link=&#8221;url:https%3A%2F%2Fdixlog.com%2Fes%2Ffba%2F|title:FBA||&#8221; image=&#8221;2150&#8243;][\/vc_column_inner][\/vc_row_inner][vc_row_inner el_id=&#8221;box-service&#8221; el_class=&#8221;box-service&#8221;][vc_column_inner el_class=&#8221;box-1&#8243; width=&#8221;1\/4&#8243; el_id=&#8221;box-1&#8243;][\/vc_column_inner][vc_column_inner el_class=&#8221;box-2&#8243; width=&#8221;1\/4&#8243; el_id=&#8221;box-2&#8243;][cms_fancybox_single fancy_style=&#8221;style-6&#8243; title_item=&#8221;CONTABILIDAD&#8221; cms_template=&#8221;cms_fancybox_single.php&#8221; description_item=&#8221;DixLog cuenta con un equipo calificado y actualizado que ofrece excelentes servicios en planificaci\u00f3n tributaria y asesor\u00eda contable.&#8221; link=&#8221;url:https%3A%2F%2Fdixlog.com%2Fes%2Faccounting%2F|title:ACCOUNTING||&#8221; image=&#8221;2146&#8243;][\/vc_column_inner][vc_column_inner el_class=&#8221;box-3&#8243; width=&#8221;1\/4&#8243; el_id=&#8221;box-3&#8243;][cms_fancybox_single fancy_style=&#8221;style-6&#8243; title_item=&#8221;REGISTRO DE MARCA&#8221; cms_template=&#8221;cms_fancybox_single.php&#8221; description_item=&#8221;Proporcionamos nuestro estudio de marcas registradas, asegurando un registro de marca exitoso.&#8221; link=&#8221;url:https%3A%2F%2Fdixlog.com%2Fes%2Ftrademark%2F|title:TRADEMARK||&#8221; image=&#8221;2156&#8243;][\/vc_column_inner][vc_column_inner el_class=&#8221;box-4&#8243; width=&#8221;1\/4&#8243; el_id=&#8221;box-4&#8243;][\/vc_column_inner][\/vc_row_inner][\/vc_column][\/vc_row][vc_row][vc_column][vc_single_image image=&#8221;2364&#8243; img_size=&#8221;1500&#215;700&#8243; add_caption=&#8221;yes&#8221; alignment=&#8221;center&#8221; has_position=&#8221;1&#8243; title=&#8221;Socios y operaciones&#8221;][\/vc_column][\/vc_row]<\/p>\n<\/div>","protected":false},"excerpt":{"rendered":"<p>[vc_row full_width=&#8221;stretch_row&#8221; css_animation=&#8221;cms_animate fadeIn wow&#8221; float_to_top=&#8221;&#8221; row_custom_paralax=&#8221;&#8221; css=&#8221;.vc_custom_1523538752940{padding-top: 96px !important;padding-bottom: 67px !important;background-position: center !important;background-repeat: no-repeat !important;background-size: cover !important;}&#8221;][vc_column][vc_row_inner][vc_column_inner width=&#8221;1\/3&#8243;][cms_fancybox_single fancy_style=&#8221;style-6&#8243; title_item=&#8221;ALMACENAMIENTO&#8221; cms_template=&#8221;cms_fancybox_single.php&#8221; link=&#8221;url:https%3A%2F%2Fdixlog.com%2Fes%2Fstorage%2F|title:STORAGE||&#8221; image=&#8221;2151&#8243; description_item=&#8221;Centr\u00e1ndonos en la efectividad operativa, nuestro objetivo es<\/p>\n","protected":false},"author":1,"featured_media":0,"parent":0,"menu_order":0,"comment_status":"closed","ping_status":"closed","template":"","meta":{"footnotes":""},"class_list":["post-139","page","type-page","status-publish","hentry"],"_links":{"self":[{"href":"https:\/\/dixlog.com\/es\/wp-json\/wp\/v2\/pages\/139","targetHints":{"allow":["GET"]}}],"collection":[{"href":"https:\/\/dixlog.com\/es\/wp-json\/wp\/v2\/pages"}],"about":[{"href":"https:\/\/dixlog.com\/es\/wp-json\/wp\/v2\/types\/page"}],"author":[{"embeddable":true,"href":"https:\/\/dixlog.com\/es\/wp-json\/wp\/v2\/users\/1"}],"replies":[{"embeddable":true,"href":"https:\/\/dixlog.com\/es\/wp-json\/wp\/v2\/comments?post=139"}],"version-history":[{"count":56,"href":"https:\/\/dixlog.com\/es\/wp-json\/wp\/v2\/pages\/139\/revisions"}],"predecessor-version":[{"id":2409,"href":"https:\/\/dixlog.com\/es\/wp-json\/wp\/v2\/pages\/139\/revisions\/2409"}],"wp:attachment":[{"href":"https:\/\/dixlog.com\/es\/wp-json\/wp\/v2\/media?parent=139"}],"curies":[{"name":"wp","href":"https:\/\/api.w.org\/{rel}","templated":true}]}}