{"id":2147,"date":"2018-04-11T17:49:11","date_gmt":"2018-04-11T17:49:11","guid":{"rendered":"https:\/\/dixlog.com\/br\/?page_id=2147"},"modified":"2018-05-11T11:27:11","modified_gmt":"2018-05-11T11:27:11","slug":"fba","status":"publish","type":"page","link":"https:\/\/dixlog.com\/br\/fba\/","title":{"rendered":"FBA"},"content":{"rendered":"<div class=\"wpb-content-wrapper\"><p>[vc_row][vc_column width=&#8221;1\/4&#8243;][cms_services_menu services_menu=&#8221;%5B%7B%22name%22%3A%22Todos%20os%20Servi%C3%A7os%22%2C%22link%22%3A%22url%3Ahttp%253A%252F%252Fdixlog.com%252Fbr%252Fservicos%252F%7C%7C%7C%22%7D%2C%7B%22name%22%3A%22Armazenagem%22%2C%22link%22%3A%22url%3Ahttp%253A%252F%252Fdixlog.com%252Fbr%252Farmazenagem%252F%7C%7C%7C%22%7D%2C%7B%22name%22%3A%22Distribui%C3%A7%C3%A3o%22%2C%22link%22%3A%22url%3Ahttp%253A%252F%252Fdixlog.com%252Fbr%252Fdistribuicao%7C%7C%7C%22%7D%2C%7B%22name%22%3A%22Importa%C3%A7%C3%A3o%20%2FExporta%C3%A7%C3%A3o%22%2C%22link%22%3A%22url%3Ahttp%253A%252F%252Fdixlog.com%252Fbr%252Fexportacao-importacao%252F%7C%7C%7C%22%7D%2C%7B%22name%22%3A%22Cross%20Dock%22%2C%22link%22%3A%22url%3Ahttp%253A%252F%252Fdixlog.com%252Fbr%252Fcross-dock%252F%7C%7C%7C%22%7D%2C%7B%22name%22%3A%22Plataforma%22%2C%22link%22%3A%22url%3Ahttp%253A%252F%252Fdixlog.com%252Fbr%252Fplataforma%252F%7C%7C%7C%22%7D%2C%7B%22name%22%3A%22Marketing%22%2C%22link%22%3A%22url%3Ahttp%253A%252F%252Fdixlog.com%252Fbr%252Fmarketing%252F%7C%7C%7C%22%7D%2C%7B%22name%22%3A%22Atendimento%20ao%20cliente%22%2C%22link%22%3A%22url%3Ahttp%253A%252F%252Fdixlog.com%252Fbr%252Fatendimento-ao-cliente%252F%7C%7C%7C%22%7D%2C%7B%22name%22%3A%22Marketplace%22%2C%22link%22%3A%22url%3Ahttp%253A%252F%252Fdixlog.com%252Fbr%252Fmarketplace%252F%7C%7C%7C%22%7D%2C%7B%22name%22%3A%22FBA%22%2C%22link%22%3A%22url%3Ahttp%253A%252F%252Fdixlog.com%252Fbr%252Ffba%252F%7C%7C%7C%22%7D%2C%7B%22name%22%3A%22Contabilidade%22%2C%22link%22%3A%22url%3Ahttp%253A%252F%252Fdixlog.com%252Fbr%252Fcontabilidade%252F%7C%7C%7C%22%7D%2C%7B%22name%22%3A%22Registro%20de%20marcas%22%2C%22link%22%3A%22url%3Ahttp%253A%252F%252Fdixlog.com%252Fbr%252Fregistro-de-marcas%252F%7C%7C%7C%22%7D%5D&#8221;][vc_widget_sidebar sidebar_id=&#8221;sidebar-footer-top-3&#8243;][\/vc_column][vc_column width=&#8221;3\/4&#8243;][vc_column_text]<\/p>\n<div class=\"wpb_column vc_column_container vc_col-sm-9 cms_animate\">\n<div class=\"vc_column-inner \">\n<div class=\"wpb_wrapper\">\n<div class=\"wpb_text_column wpb_content_element \">\n<div class=\"wpb_wrapper\">\n<p>Com o Fulfillment by Amazon (FBA), voc\u00ea armazena seus produtos nos centros de atendimento da Amazon. A DIXLOG oferece a prepara\u00e7\u00e3o dos seus produtos de forma eficiente e r\u00e1pida, a fim de que a sua mercadoria seja enviada aos armaz\u00e9ns da Amazon.<\/p>\n<p>Oferecemos um servi\u00e7o de qualidade, que ir\u00e1 ajudar sua empresa a crescer em vendas em um dos maiores de players de venda do mundo. Assim voc\u00ea pode focar no que mais importa, que s\u00e3o as vendas, enquanto n\u00f3s cuidamos da log\u00edstica da sua empresa.<\/p>\n<\/div>\n<\/div>\n<\/div>\n<\/div>\n<\/div>\n<p>[\/vc_column_text][\/vc_column][\/vc_row]<\/p>\n<\/div>","protected":false},"excerpt":{"rendered":"<p>[vc_row][vc_column width=&#8221;1\/4&#8243;][cms_services_menu services_menu=&#8221;%5B%7B%22name%22%3A%22Todos%20os%20Servi%C3%A7os%22%2C%22link%22%3A%22url%3Ahttp%253A%252F%252Fdixlog.com%252Fbr%252Fservicos%252F%7C%7C%7C%22%7D%2C%7B%22name%22%3A%22Armazenagem%22%2C%22link%22%3A%22url%3Ahttp%253A%252F%252Fdixlog.com%252Fbr%252Farmazenagem%252F%7C%7C%7C%22%7D%2C%7B%22name%22%3A%22Distribui%C3%A7%C3%A3o%22%2C%22link%22%3A%22url%3Ahttp%253A%252F%252Fdixlog.com%252Fbr%252Fdistribuicao%7C%7C%7C%22%7D%2C%7B%22name%22%3A%22Importa%C3%A7%C3%A3o%20%2FExporta%C3%A7%C3%A3o%22%2C%22link%22%3A%22url%3Ahttp%253A%252F%252Fdixlog.com%252Fbr%252Fexportacao-importacao%252F%7C%7C%7C%22%7D%2C%7B%22name%22%3A%22Cross%20Dock%22%2C%22link%22%3A%22url%3Ahttp%253A%252F%252Fdixlog.com%252Fbr%252Fcross-dock%252F%7C%7C%7C%22%7D%2C%7B%22name%22%3A%22Plataforma%22%2C%22link%22%3A%22url%3Ahttp%253A%252F%252Fdixlog.com%252Fbr%252Fplataforma%252F%7C%7C%7C%22%7D%2C%7B%22name%22%3A%22Marketing%22%2C%22link%22%3A%22url%3Ahttp%253A%252F%252Fdixlog.com%252Fbr%252Fmarketing%252F%7C%7C%7C%22%7D%2C%7B%22name%22%3A%22Atendimento%20ao%20cliente%22%2C%22link%22%3A%22url%3Ahttp%253A%252F%252Fdixlog.com%252Fbr%252Fatendimento-ao-cliente%252F%7C%7C%7C%22%7D%2C%7B%22name%22%3A%22Marketplace%22%2C%22link%22%3A%22url%3Ahttp%253A%252F%252Fdixlog.com%252Fbr%252Fmarketplace%252F%7C%7C%7C%22%7D%2C%7B%22name%22%3A%22FBA%22%2C%22link%22%3A%22url%3Ahttp%253A%252F%252Fdixlog.com%252Fbr%252Ffba%252F%7C%7C%7C%22%7D%2C%7B%22name%22%3A%22Contabilidade%22%2C%22link%22%3A%22url%3Ahttp%253A%252F%252Fdixlog.com%252Fbr%252Fcontabilidade%252F%7C%7C%7C%22%7D%2C%7B%22name%22%3A%22Registro%20de%20marcas%22%2C%22link%22%3A%22url%3Ahttp%253A%252F%252Fdixlog.com%252Fbr%252Fregistro-de-marcas%252F%7C%7C%7C%22%7D%5D&#8221;][vc_widget_sidebar sidebar_id=&#8221;sidebar-footer-top-3&#8243;][\/vc_column][vc_column width=&#8221;3\/4&#8243;][vc_column_text] Com o Fulfillment by Amazon (FBA), voc\u00ea armazena seus produtos nos centros de atendimento da Amazon. A DIXLOG oferece a prepara\u00e7\u00e3o dos seus produtos de forma eficiente<\/p>\n","protected":false},"author":2,"featured_media":0,"parent":0,"menu_order":0,"comment_status":"closed","ping_status":"closed","template":"","meta":{"footnotes":""},"class_list":["post-2147","page","type-page","status-publish","hentry"],"_links":{"self":[{"href":"https:\/\/dixlog.com\/br\/wp-json\/wp\/v2\/pages\/2147","targetHints":{"allow":["GET"]}}],"collection":[{"href":"https:\/\/dixlog.com\/br\/wp-json\/wp\/v2\/pages"}],"about":[{"href":"https:\/\/dixlog.com\/br\/wp-json\/wp\/v2\/types\/page"}],"author":[{"embeddable":true,"href":"https:\/\/dixlog.com\/br\/wp-json\/wp\/v2\/users\/2"}],"replies":[{"embeddable":true,"href":"https:\/\/dixlog.com\/br\/wp-json\/wp\/v2\/comments?post=2147"}],"version-history":[{"count":6,"href":"https:\/\/dixlog.com\/br\/wp-json\/wp\/v2\/pages\/2147\/revisions"}],"predecessor-version":[{"id":2372,"href":"https:\/\/dixlog.com\/br\/wp-json\/wp\/v2\/pages\/2147\/revisions\/2372"}],"wp:attachment":[{"href":"https:\/\/dixlog.com\/br\/wp-json\/wp\/v2\/media?parent=2147"}],"curies":[{"name":"wp","href":"https:\/\/api.w.org\/{rel}","templated":true}]}}