{"id":2143,"date":"2018-04-11T17:47:11","date_gmt":"2018-04-11T17:47:11","guid":{"rendered":"https:\/\/dixlog.com\/br\/?page_id=2143"},"modified":"2018-05-11T11:31:12","modified_gmt":"2018-05-11T11:31:12","slug":"marketplace","status":"publish","type":"page","link":"https:\/\/dixlog.com\/br\/marketplace\/","title":{"rendered":"Marketplace"},"content":{"rendered":"<div class=\"wpb-content-wrapper\"><p>[vc_row][vc_column width=&#8221;1\/4&#8243;][cms_services_menu services_menu=&#8221;%5B%7B%22name%22%3A%22Todos%20os%20Servi%C3%A7os%22%2C%22link%22%3A%22url%3Ahttp%253A%252F%252Fdixlog.com%252Fbr%252Fservicos%252F%7C%7C%7C%22%7D%2C%7B%22name%22%3A%22Armazenagem%22%2C%22link%22%3A%22url%3Ahttp%253A%252F%252Fdixlog.com%252Fbr%252Farmazenagem%252F%7C%7C%7C%22%7D%2C%7B%22name%22%3A%22Distribui%C3%A7%C3%A3o%22%2C%22link%22%3A%22url%3Ahttp%253A%252F%252Fdixlog.com%252Fbr%252Fdistribuicao%7C%7C%7C%22%7D%2C%7B%22name%22%3A%22Importa%C3%A7%C3%A3o%20%2FExporta%C3%A7%C3%A3o%22%2C%22link%22%3A%22url%3Ahttp%253A%252F%252Fdixlog.com%252Fbr%252Fexportacao-importacao%252F%7C%7C%7C%22%7D%2C%7B%22name%22%3A%22Cross%20Dock%22%2C%22link%22%3A%22url%3Ahttp%253A%252F%252Fdixlog.com%252Fbr%252Fcross-dock%252F%7C%7C%7C%22%7D%2C%7B%22name%22%3A%22Plataforma%22%2C%22link%22%3A%22url%3Ahttp%253A%252F%252Fdixlog.com%252Fbr%252Fplataforma%252F%7C%7C%7C%22%7D%2C%7B%22name%22%3A%22Marketing%22%2C%22link%22%3A%22url%3Ahttp%253A%252F%252Fdixlog.com%252Fbr%252Fmarketing%252F%7C%7C%7C%22%7D%2C%7B%22name%22%3A%22Atendimento%20ao%20cliente%22%2C%22link%22%3A%22url%3Ahttp%253A%252F%252Fdixlog.com%252Fbr%252Fatendimento-ao-cliente%252F%7C%7C%7C%22%7D%2C%7B%22name%22%3A%22Marketplace%22%2C%22link%22%3A%22url%3Ahttp%253A%252F%252Fdixlog.com%252Fbr%252Fmarketplace%252F%7C%7C%7C%22%7D%2C%7B%22name%22%3A%22FBA%22%2C%22link%22%3A%22url%3Ahttp%253A%252F%252Fdixlog.com%252Fbr%252Ffba%252F%7C%7C%7C%22%7D%2C%7B%22name%22%3A%22Contabilidade%22%2C%22link%22%3A%22url%3Ahttp%253A%252F%252Fdixlog.com%252Fbr%252Fcontabilidade%252F%7C%7C%7C%22%7D%2C%7B%22name%22%3A%22Registro%20de%20marcas%22%2C%22link%22%3A%22url%3Ahttp%253A%252F%252Fdixlog.com%252Fbr%252Fregistro-de-marcas%252F%7C%7C%7C%22%7D%5D&#8221;][vc_widget_sidebar sidebar_id=&#8221;sidebar-footer-top-3&#8243;][\/vc_column][vc_column width=&#8221;3\/4&#8243;][vc_column_text]Vender em mercados em todo o mundo pode ser um \u00f3timo complemento e um diferencial &#8211; se n\u00e3o mesmo a atividade principal de sua empresa.\u00a0Fazer parte de mercados como Amazon e E-Bay significa enfrentar um crescimento constante de seus neg\u00f3cios e a dissemina\u00e7\u00e3o de sua marca para pessoas em todo o mundo.<\/p>\n<p>Com uma equipe de profissionais treinados e experientes em lidar com esses canais de vendas, a DIXLOG oferece a inclus\u00e3o de sua marca nos principais mercados dos EUA, como Amazon, E-bay, Etsy, Sears e Walmart, entre outros, como um de nossos servi\u00e7os.<\/p>\n<p>Realizamos todo o processo desde o cadastro da sua empresa nas plataformas destes vendedores at\u00e9 a prepara\u00e7\u00e3o das imagens das mercadorias, registro de produtos, acompanhamento de vendas, atendimento ao cliente, picking e embalagem, e entrega dos pedidos ao consumidor final.<\/p>\n<p>Integramos seus dados de invent\u00e1rio de loja e os mercados simultaneamente em nossos sistemas, proporcionando rastreamento em tempo real.[\/vc_column_text][\/vc_column][\/vc_row]<\/p>\n<\/div>","protected":false},"excerpt":{"rendered":"<p>[vc_row][vc_column width=&#8221;1\/4&#8243;][cms_services_menu services_menu=&#8221;%5B%7B%22name%22%3A%22Todos%20os%20Servi%C3%A7os%22%2C%22link%22%3A%22url%3Ahttp%253A%252F%252Fdixlog.com%252Fbr%252Fservicos%252F%7C%7C%7C%22%7D%2C%7B%22name%22%3A%22Armazenagem%22%2C%22link%22%3A%22url%3Ahttp%253A%252F%252Fdixlog.com%252Fbr%252Farmazenagem%252F%7C%7C%7C%22%7D%2C%7B%22name%22%3A%22Distribui%C3%A7%C3%A3o%22%2C%22link%22%3A%22url%3Ahttp%253A%252F%252Fdixlog.com%252Fbr%252Fdistribuicao%7C%7C%7C%22%7D%2C%7B%22name%22%3A%22Importa%C3%A7%C3%A3o%20%2FExporta%C3%A7%C3%A3o%22%2C%22link%22%3A%22url%3Ahttp%253A%252F%252Fdixlog.com%252Fbr%252Fexportacao-importacao%252F%7C%7C%7C%22%7D%2C%7B%22name%22%3A%22Cross%20Dock%22%2C%22link%22%3A%22url%3Ahttp%253A%252F%252Fdixlog.com%252Fbr%252Fcross-dock%252F%7C%7C%7C%22%7D%2C%7B%22name%22%3A%22Plataforma%22%2C%22link%22%3A%22url%3Ahttp%253A%252F%252Fdixlog.com%252Fbr%252Fplataforma%252F%7C%7C%7C%22%7D%2C%7B%22name%22%3A%22Marketing%22%2C%22link%22%3A%22url%3Ahttp%253A%252F%252Fdixlog.com%252Fbr%252Fmarketing%252F%7C%7C%7C%22%7D%2C%7B%22name%22%3A%22Atendimento%20ao%20cliente%22%2C%22link%22%3A%22url%3Ahttp%253A%252F%252Fdixlog.com%252Fbr%252Fatendimento-ao-cliente%252F%7C%7C%7C%22%7D%2C%7B%22name%22%3A%22Marketplace%22%2C%22link%22%3A%22url%3Ahttp%253A%252F%252Fdixlog.com%252Fbr%252Fmarketplace%252F%7C%7C%7C%22%7D%2C%7B%22name%22%3A%22FBA%22%2C%22link%22%3A%22url%3Ahttp%253A%252F%252Fdixlog.com%252Fbr%252Ffba%252F%7C%7C%7C%22%7D%2C%7B%22name%22%3A%22Contabilidade%22%2C%22link%22%3A%22url%3Ahttp%253A%252F%252Fdixlog.com%252Fbr%252Fcontabilidade%252F%7C%7C%7C%22%7D%2C%7B%22name%22%3A%22Registro%20de%20marcas%22%2C%22link%22%3A%22url%3Ahttp%253A%252F%252Fdixlog.com%252Fbr%252Fregistro-de-marcas%252F%7C%7C%7C%22%7D%5D&#8221;][vc_widget_sidebar sidebar_id=&#8221;sidebar-footer-top-3&#8243;][\/vc_column][vc_column width=&#8221;3\/4&#8243;][vc_column_text]Vender em mercados em todo o mundo pode ser um \u00f3timo complemento e um diferencial &#8211; se n\u00e3o mesmo a atividade principal de sua empresa.\u00a0Fazer parte de mercados<\/p>\n","protected":false},"author":2,"featured_media":0,"parent":0,"menu_order":0,"comment_status":"closed","ping_status":"closed","template":"","meta":{"footnotes":""},"class_list":["post-2143","page","type-page","status-publish","hentry"],"_links":{"self":[{"href":"https:\/\/dixlog.com\/br\/wp-json\/wp\/v2\/pages\/2143","targetHints":{"allow":["GET"]}}],"collection":[{"href":"https:\/\/dixlog.com\/br\/wp-json\/wp\/v2\/pages"}],"about":[{"href":"https:\/\/dixlog.com\/br\/wp-json\/wp\/v2\/types\/page"}],"author":[{"embeddable":true,"href":"https:\/\/dixlog.com\/br\/wp-json\/wp\/v2\/users\/2"}],"replies":[{"embeddable":true,"href":"https:\/\/dixlog.com\/br\/wp-json\/wp\/v2\/comments?post=2143"}],"version-history":[{"count":8,"href":"https:\/\/dixlog.com\/br\/wp-json\/wp\/v2\/pages\/2143\/revisions"}],"predecessor-version":[{"id":2375,"href":"https:\/\/dixlog.com\/br\/wp-json\/wp\/v2\/pages\/2143\/revisions\/2375"}],"wp:attachment":[{"href":"https:\/\/dixlog.com\/br\/wp-json\/wp\/v2\/media?parent=2143"}],"curies":[{"name":"wp","href":"https:\/\/api.w.org\/{rel}","templated":true}]}}