{"id":2138,"date":"2018-04-11T17:45:24","date_gmt":"2018-04-11T17:45:24","guid":{"rendered":"https:\/\/dixlog.com\/br\/?page_id=2138"},"modified":"2022-11-10T20:17:58","modified_gmt":"2022-11-10T20:17:58","slug":"marketing","status":"publish","type":"page","link":"https:\/\/dixlog.com\/br\/marketing\/","title":{"rendered":"Marketing"},"content":{"rendered":"<div class=\"wpb-content-wrapper\"><p>[vc_row][vc_column width=&#8221;1\/4&#8243;][cms_services_menu services_menu=&#8221;%5B%7B%22name%22%3A%22Todos%20os%20Servi%C3%A7os%22%2C%22link%22%3A%22url%3Ahttp%253A%252F%252Fdixlog.com%252Fbr%252Fservicos%252F%7C%7C%7C%22%7D%2C%7B%22name%22%3A%22Armazenagem%22%2C%22link%22%3A%22url%3Ahttp%253A%252F%252Fdixlog.com%252Fbr%252Farmazenagem%252F%7C%7C%7C%22%7D%2C%7B%22name%22%3A%22Distribui%C3%A7%C3%A3o%22%2C%22link%22%3A%22url%3Ahttp%253A%252F%252Fdixlog.com%252Fbr%252Fdistribuicao%7C%7C%7C%22%7D%2C%7B%22name%22%3A%22Importa%C3%A7%C3%A3o%20%2FExporta%C3%A7%C3%A3o%22%2C%22link%22%3A%22url%3Ahttp%253A%252F%252Fdixlog.com%252Fbr%252Fexportacao-importacao%252F%7C%7C%7C%22%7D%2C%7B%22name%22%3A%22Cross%20Dock%22%2C%22link%22%3A%22url%3Ahttp%253A%252F%252Fdixlog.com%252Fbr%252Fcross-dock%252F%7C%7C%7C%22%7D%2C%7B%22name%22%3A%22Plataforma%22%2C%22link%22%3A%22url%3Ahttp%253A%252F%252Fdixlog.com%252Fbr%252Fplataforma%252F%7C%7C%7C%22%7D%2C%7B%22name%22%3A%22Marketing%22%2C%22link%22%3A%22url%3Ahttp%253A%252F%252Fdixlog.com%252Fbr%252Fmarketing%252F%7C%7C%7C%22%7D%2C%7B%22name%22%3A%22Atendimento%20ao%20cliente%22%2C%22link%22%3A%22url%3Ahttp%253A%252F%252Fdixlog.com%252Fbr%252Fatendimento-ao-cliente%252F%7C%7C%7C%22%7D%2C%7B%22name%22%3A%22Marketplace%22%2C%22link%22%3A%22url%3Ahttp%253A%252F%252Fdixlog.com%252Fbr%252Fmarketplace%252F%7C%7C%7C%22%7D%2C%7B%22name%22%3A%22FBA%22%2C%22link%22%3A%22url%3Ahttp%253A%252F%252Fdixlog.com%252Fbr%252Ffba%252F%7C%7C%7C%22%7D%2C%7B%22name%22%3A%22Contabilidade%22%2C%22link%22%3A%22url%3Ahttp%253A%252F%252Fdixlog.com%252Fbr%252Fcontabilidade%252F%7C%7C%7C%22%7D%2C%7B%22name%22%3A%22Registro%20de%20marcas%22%2C%22link%22%3A%22url%3Ahttp%253A%252F%252Fdixlog.com%252Fbr%252Fregistro-de-marcas%252F%7C%7C%7C%22%7D%5D&#8221;][vc_widget_sidebar sidebar_id=&#8221;sidebar-footer-top-3&#8243;][\/vc_column][vc_column width=&#8221;3\/4&#8243;][vc_column_text]O planejamento de marketing \u00e9 essencial para o sucesso de uma empresa especialmente no competitivo mercado americano.<\/p>\n<p>A DIXLOG est\u00e1 preparada para desenvolver o plano ideal para a sua empresa com a aplica\u00e7\u00e3o de todas as estrat\u00e9gias necess\u00e1rias para se alcan\u00e7ar o sucesso nos EUA.<\/p>\n<p>A partir de uma an\u00e1lise detalhada do seu mercado, clientes e concorrentes, vamos tra\u00e7ar as metas de marketing, definindo os seus objetivos, dentro de um or\u00e7amento adequado e vi\u00e1vel.<\/p>\n<p>Elaboramos projetos de<a href=\"https:\/\/www.sexyhint.com\/\"> m\u00eddias sociais<\/a> totalmente personalizados, trabalhando diversos aspectos, desde a identidade visual at\u00e9 o planejamento de marketing e sua execu\u00e7\u00e3o.<\/p>\n<p>Entre em contato conosco por e-mail ou pelo telefone.<br \/>\n[\/vc_column_text][\/vc_column][\/vc_row]<\/p>\n<\/div>","protected":false},"excerpt":{"rendered":"<p>[vc_row][vc_column width=&#8221;1\/4&#8243;][cms_services_menu services_menu=&#8221;%5B%7B%22name%22%3A%22Todos%20os%20Servi%C3%A7os%22%2C%22link%22%3A%22url%3Ahttp%253A%252F%252Fdixlog.com%252Fbr%252Fservicos%252F%7C%7C%7C%22%7D%2C%7B%22name%22%3A%22Armazenagem%22%2C%22link%22%3A%22url%3Ahttp%253A%252F%252Fdixlog.com%252Fbr%252Farmazenagem%252F%7C%7C%7C%22%7D%2C%7B%22name%22%3A%22Distribui%C3%A7%C3%A3o%22%2C%22link%22%3A%22url%3Ahttp%253A%252F%252Fdixlog.com%252Fbr%252Fdistribuicao%7C%7C%7C%22%7D%2C%7B%22name%22%3A%22Importa%C3%A7%C3%A3o%20%2FExporta%C3%A7%C3%A3o%22%2C%22link%22%3A%22url%3Ahttp%253A%252F%252Fdixlog.com%252Fbr%252Fexportacao-importacao%252F%7C%7C%7C%22%7D%2C%7B%22name%22%3A%22Cross%20Dock%22%2C%22link%22%3A%22url%3Ahttp%253A%252F%252Fdixlog.com%252Fbr%252Fcross-dock%252F%7C%7C%7C%22%7D%2C%7B%22name%22%3A%22Plataforma%22%2C%22link%22%3A%22url%3Ahttp%253A%252F%252Fdixlog.com%252Fbr%252Fplataforma%252F%7C%7C%7C%22%7D%2C%7B%22name%22%3A%22Marketing%22%2C%22link%22%3A%22url%3Ahttp%253A%252F%252Fdixlog.com%252Fbr%252Fmarketing%252F%7C%7C%7C%22%7D%2C%7B%22name%22%3A%22Atendimento%20ao%20cliente%22%2C%22link%22%3A%22url%3Ahttp%253A%252F%252Fdixlog.com%252Fbr%252Fatendimento-ao-cliente%252F%7C%7C%7C%22%7D%2C%7B%22name%22%3A%22Marketplace%22%2C%22link%22%3A%22url%3Ahttp%253A%252F%252Fdixlog.com%252Fbr%252Fmarketplace%252F%7C%7C%7C%22%7D%2C%7B%22name%22%3A%22FBA%22%2C%22link%22%3A%22url%3Ahttp%253A%252F%252Fdixlog.com%252Fbr%252Ffba%252F%7C%7C%7C%22%7D%2C%7B%22name%22%3A%22Contabilidade%22%2C%22link%22%3A%22url%3Ahttp%253A%252F%252Fdixlog.com%252Fbr%252Fcontabilidade%252F%7C%7C%7C%22%7D%2C%7B%22name%22%3A%22Registro%20de%20marcas%22%2C%22link%22%3A%22url%3Ahttp%253A%252F%252Fdixlog.com%252Fbr%252Fregistro-de-marcas%252F%7C%7C%7C%22%7D%5D&#8221;][vc_widget_sidebar sidebar_id=&#8221;sidebar-footer-top-3&#8243;][\/vc_column][vc_column width=&#8221;3\/4&#8243;][vc_column_text]O planejamento de marketing \u00e9 essencial para o sucesso de uma empresa especialmente no competitivo mercado americano. A DIXLOG est\u00e1 preparada para desenvolver o plano ideal para a<\/p>\n","protected":false},"author":2,"featured_media":0,"parent":0,"menu_order":0,"comment_status":"closed","ping_status":"closed","template":"","meta":{"footnotes":""},"class_list":["post-2138","page","type-page","status-publish","hentry"],"_links":{"self":[{"href":"https:\/\/dixlog.com\/br\/wp-json\/wp\/v2\/pages\/2138","targetHints":{"allow":["GET"]}}],"collection":[{"href":"https:\/\/dixlog.com\/br\/wp-json\/wp\/v2\/pages"}],"about":[{"href":"https:\/\/dixlog.com\/br\/wp-json\/wp\/v2\/types\/page"}],"author":[{"embeddable":true,"href":"https:\/\/dixlog.com\/br\/wp-json\/wp\/v2\/users\/2"}],"replies":[{"embeddable":true,"href":"https:\/\/dixlog.com\/br\/wp-json\/wp\/v2\/comments?post=2138"}],"version-history":[{"count":8,"href":"https:\/\/dixlog.com\/br\/wp-json\/wp\/v2\/pages\/2138\/revisions"}],"predecessor-version":[{"id":2429,"href":"https:\/\/dixlog.com\/br\/wp-json\/wp\/v2\/pages\/2138\/revisions\/2429"}],"wp:attachment":[{"href":"https:\/\/dixlog.com\/br\/wp-json\/wp\/v2\/media?parent=2138"}],"curies":[{"name":"wp","href":"https:\/\/api.w.org\/{rel}","templated":true}]}}