{"id":2135,"date":"2018-04-11T17:44:19","date_gmt":"2018-04-11T17:44:19","guid":{"rendered":"https:\/\/dixlog.com\/br\/?page_id=2135"},"modified":"2018-05-11T11:31:56","modified_gmt":"2018-05-11T11:31:56","slug":"plataforma","status":"publish","type":"page","link":"https:\/\/dixlog.com\/br\/plataforma\/","title":{"rendered":"Plataforma"},"content":{"rendered":"<div class=\"wpb-content-wrapper\"><p>[vc_row][vc_column width=&#8221;1\/4&#8243;][cms_services_menu services_menu=&#8221;%5B%7B%22name%22%3A%22Todos%20os%20Servi%C3%A7os%22%2C%22link%22%3A%22url%3Ahttp%253A%252F%252Fdixlog.com%252Fbr%252Fservicos%252F%7C%7C%7C%22%7D%2C%7B%22name%22%3A%22Armazenagem%22%2C%22link%22%3A%22url%3Ahttp%253A%252F%252Fdixlog.com%252Fbr%252Farmazenagem%252F%7C%7C%7C%22%7D%2C%7B%22name%22%3A%22Distribui%C3%A7%C3%A3o%22%2C%22link%22%3A%22url%3Ahttp%253A%252F%252Fdixlog.com%252Fbr%252Fdistribuicao%7C%7C%7C%22%7D%2C%7B%22name%22%3A%22Importa%C3%A7%C3%A3o%20%2FExporta%C3%A7%C3%A3o%22%2C%22link%22%3A%22url%3Ahttp%253A%252F%252Fdixlog.com%252Fbr%252Fexportacao-importacao%252F%7C%7C%7C%22%7D%2C%7B%22name%22%3A%22Cross%20Dock%22%2C%22link%22%3A%22url%3Ahttp%253A%252F%252Fdixlog.com%252Fbr%252Fcross-dock%252F%7C%7C%7C%22%7D%2C%7B%22name%22%3A%22Plataforma%22%2C%22link%22%3A%22url%3Ahttp%253A%252F%252Fdixlog.com%252Fbr%252Fplataforma%252F%7C%7C%7C%22%7D%2C%7B%22name%22%3A%22Marketing%22%2C%22link%22%3A%22url%3Ahttp%253A%252F%252Fdixlog.com%252Fbr%252Fmarketing%252F%7C%7C%7C%22%7D%2C%7B%22name%22%3A%22Atendimento%20ao%20cliente%22%2C%22link%22%3A%22url%3Ahttp%253A%252F%252Fdixlog.com%252Fbr%252Fatendimento-ao-cliente%252F%7C%7C%7C%22%7D%2C%7B%22name%22%3A%22Marketplace%22%2C%22link%22%3A%22url%3Ahttp%253A%252F%252Fdixlog.com%252Fbr%252Fmarketplace%252F%7C%7C%7C%22%7D%2C%7B%22name%22%3A%22FBA%22%2C%22link%22%3A%22url%3Ahttp%253A%252F%252Fdixlog.com%252Fbr%252Ffba%252F%7C%7C%7C%22%7D%2C%7B%22name%22%3A%22Contabilidade%22%2C%22link%22%3A%22url%3Ahttp%253A%252F%252Fdixlog.com%252Fbr%252Fcontabilidade%252F%7C%7C%7C%22%7D%2C%7B%22name%22%3A%22Registro%20de%20marcas%22%2C%22link%22%3A%22url%3Ahttp%253A%252F%252Fdixlog.com%252Fbr%252Fregistro-de-marcas%252F%7C%7C%7C%22%7D%5D&#8221;][vc_widget_sidebar sidebar_id=&#8221;sidebar-footer-top-3&#8243;][\/vc_column][vc_column width=&#8221;3\/4&#8243;][vc_column_text]Dispor de boas ferramentas de gerenciamento no e-commerce \u00e9 fundamental para que voc\u00ea possa acompanhar todos os detalhes da opera\u00e7\u00e3o e coletar informa\u00e7\u00f5es que possam ajud\u00e1-lo a melhorar o desempenho da sua loja virtual.<\/p>\n<p>A principal ferramenta de gest\u00e3o no e-commerce \u00e9 a plataforma sobre a qual foi constru\u00edda sua loja virtual. Tendo isso em vista, a DIXLOG possui profissionais que cuidar\u00e3o de todo o gerenciamento de suas opera\u00e7\u00f5es, garantido efici\u00eancia e qualidade.<\/p>\n<p>Oferecemos o mesmo trabalho para clientes que desejam viabilizar suas vendas de atacado (B2B) tamb\u00e9m pelo site. Uma loja especialmente desenvolvida para atender a essa demanda espec\u00edfica ser\u00e1 elaborada e toda a sua gest\u00e3o ser\u00e1 realizada pela nossa equipe.<br \/>\n[\/vc_column_text][\/vc_column][\/vc_row]<\/p>\n<\/div>","protected":false},"excerpt":{"rendered":"<p>[vc_row][vc_column width=&#8221;1\/4&#8243;][cms_services_menu services_menu=&#8221;%5B%7B%22name%22%3A%22Todos%20os%20Servi%C3%A7os%22%2C%22link%22%3A%22url%3Ahttp%253A%252F%252Fdixlog.com%252Fbr%252Fservicos%252F%7C%7C%7C%22%7D%2C%7B%22name%22%3A%22Armazenagem%22%2C%22link%22%3A%22url%3Ahttp%253A%252F%252Fdixlog.com%252Fbr%252Farmazenagem%252F%7C%7C%7C%22%7D%2C%7B%22name%22%3A%22Distribui%C3%A7%C3%A3o%22%2C%22link%22%3A%22url%3Ahttp%253A%252F%252Fdixlog.com%252Fbr%252Fdistribuicao%7C%7C%7C%22%7D%2C%7B%22name%22%3A%22Importa%C3%A7%C3%A3o%20%2FExporta%C3%A7%C3%A3o%22%2C%22link%22%3A%22url%3Ahttp%253A%252F%252Fdixlog.com%252Fbr%252Fexportacao-importacao%252F%7C%7C%7C%22%7D%2C%7B%22name%22%3A%22Cross%20Dock%22%2C%22link%22%3A%22url%3Ahttp%253A%252F%252Fdixlog.com%252Fbr%252Fcross-dock%252F%7C%7C%7C%22%7D%2C%7B%22name%22%3A%22Plataforma%22%2C%22link%22%3A%22url%3Ahttp%253A%252F%252Fdixlog.com%252Fbr%252Fplataforma%252F%7C%7C%7C%22%7D%2C%7B%22name%22%3A%22Marketing%22%2C%22link%22%3A%22url%3Ahttp%253A%252F%252Fdixlog.com%252Fbr%252Fmarketing%252F%7C%7C%7C%22%7D%2C%7B%22name%22%3A%22Atendimento%20ao%20cliente%22%2C%22link%22%3A%22url%3Ahttp%253A%252F%252Fdixlog.com%252Fbr%252Fatendimento-ao-cliente%252F%7C%7C%7C%22%7D%2C%7B%22name%22%3A%22Marketplace%22%2C%22link%22%3A%22url%3Ahttp%253A%252F%252Fdixlog.com%252Fbr%252Fmarketplace%252F%7C%7C%7C%22%7D%2C%7B%22name%22%3A%22FBA%22%2C%22link%22%3A%22url%3Ahttp%253A%252F%252Fdixlog.com%252Fbr%252Ffba%252F%7C%7C%7C%22%7D%2C%7B%22name%22%3A%22Contabilidade%22%2C%22link%22%3A%22url%3Ahttp%253A%252F%252Fdixlog.com%252Fbr%252Fcontabilidade%252F%7C%7C%7C%22%7D%2C%7B%22name%22%3A%22Registro%20de%20marcas%22%2C%22link%22%3A%22url%3Ahttp%253A%252F%252Fdixlog.com%252Fbr%252Fregistro-de-marcas%252F%7C%7C%7C%22%7D%5D&#8221;][vc_widget_sidebar sidebar_id=&#8221;sidebar-footer-top-3&#8243;][\/vc_column][vc_column width=&#8221;3\/4&#8243;][vc_column_text]Dispor de boas ferramentas de gerenciamento no e-commerce \u00e9 fundamental para que voc\u00ea possa acompanhar todos os detalhes da opera\u00e7\u00e3o e coletar informa\u00e7\u00f5es que possam ajud\u00e1-lo a melhorar<\/p>\n","protected":false},"author":2,"featured_media":0,"parent":0,"menu_order":0,"comment_status":"closed","ping_status":"closed","template":"","meta":{"footnotes":""},"class_list":["post-2135","page","type-page","status-publish","hentry"],"_links":{"self":[{"href":"https:\/\/dixlog.com\/br\/wp-json\/wp\/v2\/pages\/2135","targetHints":{"allow":["GET"]}}],"collection":[{"href":"https:\/\/dixlog.com\/br\/wp-json\/wp\/v2\/pages"}],"about":[{"href":"https:\/\/dixlog.com\/br\/wp-json\/wp\/v2\/types\/page"}],"author":[{"embeddable":true,"href":"https:\/\/dixlog.com\/br\/wp-json\/wp\/v2\/users\/2"}],"replies":[{"embeddable":true,"href":"https:\/\/dixlog.com\/br\/wp-json\/wp\/v2\/comments?post=2135"}],"version-history":[{"count":14,"href":"https:\/\/dixlog.com\/br\/wp-json\/wp\/v2\/pages\/2135\/revisions"}],"predecessor-version":[{"id":2376,"href":"https:\/\/dixlog.com\/br\/wp-json\/wp\/v2\/pages\/2135\/revisions\/2376"}],"wp:attachment":[{"href":"https:\/\/dixlog.com\/br\/wp-json\/wp\/v2\/media?parent=2135"}],"curies":[{"name":"wp","href":"https:\/\/api.w.org\/{rel}","templated":true}]}}