{"id":1868,"date":"2017-12-05T01:11:18","date_gmt":"2017-12-05T01:11:18","guid":{"rendered":"https:\/\/dixlog.com\/br\/?page_id=1868"},"modified":"2018-05-11T11:23:59","modified_gmt":"2018-05-11T11:23:59","slug":"cross-dock","status":"publish","type":"page","link":"https:\/\/dixlog.com\/br\/cross-dock\/","title":{"rendered":"Cross Dock"},"content":{"rendered":"<div class=\"wpb-content-wrapper\"><p>[vc_row][vc_column width=&#8221;1\/4&#8243;][cms_services_menu services_menu=&#8221;%5B%7B%22name%22%3A%22Todos%20os%20Servi%C3%A7os%22%2C%22link%22%3A%22url%3Ahttp%253A%252F%252Fdixlog.com%252Fbr%252Fservicos%252F%7C%7C%7C%22%7D%2C%7B%22name%22%3A%22Armazenagem%22%2C%22link%22%3A%22url%3Ahttp%253A%252F%252Fdixlog.com%252Fbr%252Farmazenagem%252F%7C%7C%7C%22%7D%2C%7B%22name%22%3A%22Distribui%C3%A7%C3%A3o%22%2C%22link%22%3A%22url%3Ahttp%253A%252F%252Fdixlog.com%252Fbr%252Fdistribuicao%7C%7C%7C%22%7D%2C%7B%22name%22%3A%22Importa%C3%A7%C3%A3o%20%2FExporta%C3%A7%C3%A3o%22%2C%22link%22%3A%22url%3Ahttp%253A%252F%252Fdixlog.com%252Fbr%252Fexportacao-importacao%252F%7C%7C%7C%22%7D%2C%7B%22name%22%3A%22Cross%20Dock%22%2C%22link%22%3A%22url%3Ahttp%253A%252F%252Fdixlog.com%252Fbr%252Fcross-dock%252F%7C%7C%7C%22%7D%2C%7B%22name%22%3A%22Plataforma%22%2C%22link%22%3A%22url%3Ahttp%253A%252F%252Fdixlog.com%252Fbr%252Fplataforma%252F%7C%7C%7C%22%7D%2C%7B%22name%22%3A%22Marketing%22%2C%22link%22%3A%22url%3Ahttp%253A%252F%252Fdixlog.com%252Fbr%252Fmarketing%252F%7C%7C%7C%22%7D%2C%7B%22name%22%3A%22Atendimento%20ao%20cliente%22%2C%22link%22%3A%22url%3Ahttp%253A%252F%252Fdixlog.com%252Fbr%252Fatendimento-ao-cliente%252F%7C%7C%7C%22%7D%2C%7B%22name%22%3A%22Marketplace%22%2C%22link%22%3A%22url%3Ahttp%253A%252F%252Fdixlog.com%252Fbr%252Fmarketplace%252F%7C%7C%7C%22%7D%2C%7B%22name%22%3A%22FBA%22%2C%22link%22%3A%22url%3Ahttp%253A%252F%252Fdixlog.com%252Fbr%252Ffba%252F%7C%7C%7C%22%7D%2C%7B%22name%22%3A%22Contabilidade%22%2C%22link%22%3A%22url%3Ahttp%253A%252F%252Fdixlog.com%252Fbr%252Fcontabilidade%252F%7C%7C%7C%22%7D%2C%7B%22name%22%3A%22Registro%20de%20marcas%22%2C%22link%22%3A%22url%3Ahttp%253A%252F%252Fdixlog.com%252Fbr%252Fregistro-de-marcas%252F%7C%7C%7C%22%7D%5D&#8221;][vc_widget_sidebar sidebar_id=&#8221;sidebar-footer-top-3&#8243;][\/vc_column][vc_column width=&#8221;3\/4&#8243;][vc_column_text]Oferecemos servi\u00e7os log\u00edsticos integrados para ajudar a agilizar seu processo de distribui\u00e7\u00e3o e otimizar sua efici\u00eancia operacional.<\/p>\n<p>Nesse cen\u00e1rio, oferecemos o eficiente servi\u00e7o de cross docking, que \u00e9 o processo log\u00edstico de se receber produtos e despach\u00e1-los no mesmo dia ou em poucos dias, praticamente sem a necessidade de armazenagem. Isso faz com que se reduzam custos com o storage e os produtos sejam despachados rapidamente.<\/p>\n<p>Atendemos a clientes com necessidades de pequenas encomendas bem como cross docking de grandes carregamentos, a\u00e9reo ou mar\u00edtimo.<\/p>\n<p>Fa\u00e7a uma cota\u00e7\u00e3o com a DIXLOG. Entre em contato conosco.[\/vc_column_text][\/vc_column][\/vc_row]<\/p>\n<\/div>","protected":false},"excerpt":{"rendered":"<p>[vc_row][vc_column width=&#8221;1\/4&#8243;][cms_services_menu services_menu=&#8221;%5B%7B%22name%22%3A%22Todos%20os%20Servi%C3%A7os%22%2C%22link%22%3A%22url%3Ahttp%253A%252F%252Fdixlog.com%252Fbr%252Fservicos%252F%7C%7C%7C%22%7D%2C%7B%22name%22%3A%22Armazenagem%22%2C%22link%22%3A%22url%3Ahttp%253A%252F%252Fdixlog.com%252Fbr%252Farmazenagem%252F%7C%7C%7C%22%7D%2C%7B%22name%22%3A%22Distribui%C3%A7%C3%A3o%22%2C%22link%22%3A%22url%3Ahttp%253A%252F%252Fdixlog.com%252Fbr%252Fdistribuicao%7C%7C%7C%22%7D%2C%7B%22name%22%3A%22Importa%C3%A7%C3%A3o%20%2FExporta%C3%A7%C3%A3o%22%2C%22link%22%3A%22url%3Ahttp%253A%252F%252Fdixlog.com%252Fbr%252Fexportacao-importacao%252F%7C%7C%7C%22%7D%2C%7B%22name%22%3A%22Cross%20Dock%22%2C%22link%22%3A%22url%3Ahttp%253A%252F%252Fdixlog.com%252Fbr%252Fcross-dock%252F%7C%7C%7C%22%7D%2C%7B%22name%22%3A%22Plataforma%22%2C%22link%22%3A%22url%3Ahttp%253A%252F%252Fdixlog.com%252Fbr%252Fplataforma%252F%7C%7C%7C%22%7D%2C%7B%22name%22%3A%22Marketing%22%2C%22link%22%3A%22url%3Ahttp%253A%252F%252Fdixlog.com%252Fbr%252Fmarketing%252F%7C%7C%7C%22%7D%2C%7B%22name%22%3A%22Atendimento%20ao%20cliente%22%2C%22link%22%3A%22url%3Ahttp%253A%252F%252Fdixlog.com%252Fbr%252Fatendimento-ao-cliente%252F%7C%7C%7C%22%7D%2C%7B%22name%22%3A%22Marketplace%22%2C%22link%22%3A%22url%3Ahttp%253A%252F%252Fdixlog.com%252Fbr%252Fmarketplace%252F%7C%7C%7C%22%7D%2C%7B%22name%22%3A%22FBA%22%2C%22link%22%3A%22url%3Ahttp%253A%252F%252Fdixlog.com%252Fbr%252Ffba%252F%7C%7C%7C%22%7D%2C%7B%22name%22%3A%22Contabilidade%22%2C%22link%22%3A%22url%3Ahttp%253A%252F%252Fdixlog.com%252Fbr%252Fcontabilidade%252F%7C%7C%7C%22%7D%2C%7B%22name%22%3A%22Registro%20de%20marcas%22%2C%22link%22%3A%22url%3Ahttp%253A%252F%252Fdixlog.com%252Fbr%252Fregistro-de-marcas%252F%7C%7C%7C%22%7D%5D&#8221;][vc_widget_sidebar sidebar_id=&#8221;sidebar-footer-top-3&#8243;][\/vc_column][vc_column width=&#8221;3\/4&#8243;][vc_column_text]Oferecemos servi\u00e7os log\u00edsticos integrados para ajudar a agilizar seu processo de distribui\u00e7\u00e3o e otimizar sua efici\u00eancia operacional. Nesse cen\u00e1rio, oferecemos o eficiente servi\u00e7o de cross docking, que \u00e9<\/p>\n","protected":false},"author":2,"featured_media":0,"parent":0,"menu_order":0,"comment_status":"closed","ping_status":"closed","template":"","meta":{"footnotes":""},"class_list":["post-1868","page","type-page","status-publish","hentry"],"_links":{"self":[{"href":"https:\/\/dixlog.com\/br\/wp-json\/wp\/v2\/pages\/1868","targetHints":{"allow":["GET"]}}],"collection":[{"href":"https:\/\/dixlog.com\/br\/wp-json\/wp\/v2\/pages"}],"about":[{"href":"https:\/\/dixlog.com\/br\/wp-json\/wp\/v2\/types\/page"}],"author":[{"embeddable":true,"href":"https:\/\/dixlog.com\/br\/wp-json\/wp\/v2\/users\/2"}],"replies":[{"embeddable":true,"href":"https:\/\/dixlog.com\/br\/wp-json\/wp\/v2\/comments?post=1868"}],"version-history":[{"count":21,"href":"https:\/\/dixlog.com\/br\/wp-json\/wp\/v2\/pages\/1868\/revisions"}],"predecessor-version":[{"id":2369,"href":"https:\/\/dixlog.com\/br\/wp-json\/wp\/v2\/pages\/1868\/revisions\/2369"}],"wp:attachment":[{"href":"https:\/\/dixlog.com\/br\/wp-json\/wp\/v2\/media?parent=1868"}],"curies":[{"name":"wp","href":"https:\/\/api.w.org\/{rel}","templated":true}]}}