{"id":1491,"date":"2016-09-19T08:41:24","date_gmt":"2016-09-19T08:41:24","guid":{"rendered":"http:\/\/dev.joomexp.com\/wordpress\/wp-transpress\/?page_id=9"},"modified":"2018-05-25T14:52:52","modified_gmt":"2018-05-25T14:52:52","slug":"quem-somos","status":"publish","type":"page","link":"https:\/\/dixlog.com\/br\/quem-somos\/","title":{"rendered":"Quem Somos"},"content":{"rendered":"<div class=\"wpb-content-wrapper\"><p>[vc_row css=&#8221;.vc_custom_1476673434401{padding-top: 106px !important;padding-bottom: 70px !important;}&#8221;][vc_column][vc_custom_heading text=&#8221;QUEM SOMOS&#8221; font_container=&#8221;tag:h2|text_align:center&#8221; use_theme_fonts=&#8221;yes&#8221; show_border_bottom=&#8221;1&#8243; subtitle_color=&#8221;#878787&#8243; sub_title=&#8221;<br \/>\n&#8221; css=&#8221;.vc_custom_1527259906250{margin-bottom: 50px !important;}&#8221;]Somos uma equipe de profissionais com mais de 20 anos de experi\u00eancia. Oferecemos os servi\u00e7os combinados de Log\u00edstica, E-commerce e Back Office para sua empresa.[\/vc_custom_heading][vc_row_inner][vc_column_inner width=&#8221;1\/3&#8243; css_animation=&#8221;cms_animate fadeIn wow&#8221; css_animation_delay=&#8221;200ms&#8221; css=&#8221;.vc_custom_1478075145910{margin-bottom: 30px !important;}&#8221;][cms_fancybox_single fancy_style=&#8221;style-5&#8243; icon_fontawesome=&#8221;fa fa-check-square-o&#8221; title_item=&#8221;Por que nos escolher&#8221; cms_template=&#8221;cms_fancybox_single.php&#8221; description_item=&#8221;Somos uma empresa focada em opera\u00e7\u00e3o log\u00edstica, gerenciamento de e-commerce e back office nos EUA com baixo custo e excel\u00eancia em tudo o que faz.&#8221; link=&#8221;|||&#8221;][\/vc_column_inner][vc_column_inner width=&#8221;1\/3&#8243; css_animation=&#8221;cms_animate fadeIn wow&#8221; css_animation_delay=&#8221;300ms&#8221; css=&#8221;.vc_custom_1478075155537{margin-bottom: 30px !important;}&#8221;][cms_fancybox_single fancy_style=&#8221;style-5&#8243; icon_fontawesome=&#8221;fa fa-paper-plane&#8221; title_item=&#8221;Nossa Miss\u00e3o&#8221; cms_template=&#8221;cms_fancybox_single.php&#8221; description_item=&#8221;Fazer com que nosso cliente tenha o menor custo log\u00edstico e operacional, para expans\u00e3o da sua empresa no mercado americano.&#8221;][\/vc_column_inner][vc_column_inner width=&#8221;1\/3&#8243; css_animation=&#8221;cms_animate fadeIn wow&#8221; css_animation_delay=&#8221;400ms&#8221; css=&#8221;.vc_custom_1478075164933{margin-bottom: 30px !important;}&#8221;][cms_fancybox_single fancy_style=&#8221;style-5&#8243; icon_fontawesome=&#8221;fa fa-cogs&#8221; title_item=&#8221;O Que Fazemos&#8221; cms_template=&#8221;cms_fancybox_single.php&#8221; description_item=&#8221;Realizamos projetos customizados, de acordo com as suas necessidades, focando no baixo custo e na excel\u00eancia de servi\u00e7os prestados.&#8221;][\/vc_column_inner][\/vc_row_inner][\/vc_column][\/vc_row][vc_row full_width=&#8221;stretch_row&#8221; equal_height=&#8221;yes&#8221; content_placement=&#8221;middle&#8221; ftt_type=&#8221;sub60&#8243; css=&#8221;.vc_custom_1523478410052{background-color: #5bbe36 !important;}&#8221;][vc_column css=&#8221;.vc_custom_1512651186679{margin-bottom: 30px !important;padding-top: 62px !important;padding-bottom: 68px !important;}&#8221; offset=&#8221;vc_col-lg-6&#8243;][vc_custom_heading text=&#8221;UMA EMPRESA PARA VOC\u00ca CONFIAR&#8221; font_container=&#8221;tag:h2|text_align:left|color:%23ffffff&#8221; use_theme_fonts=&#8221;yes&#8221; css_animation=&#8221;cms_animate wow fadeInRight&#8221; show_border_bottom=&#8221;1&#8243; border_bottom_color=&#8221;#ffffff&#8221; css=&#8221;.vc_custom_1513256823890{margin-bottom: 46px !important;}&#8221;][\/vc_custom_heading][vc_column_text el_class=&#8221;padding-right-100 text-white&#8221;]A DIXLOG \u00e9 l\u00edder no mercado americano em full service (gest\u00e3o completa) para empresas que t\u00eam como foco a expans\u00e3o dos seus neg\u00f3cios para os EUA. Oferecemos a mais completa solu\u00e7\u00e3o para o seu neg\u00f3cio.<\/p>\n<p>Dentro de uma estrutura 100% pr\u00f3pria, oferecemos know-how e servi\u00e7os num s\u00f3 lugar. Cuidamos de toda a log\u00edstica, desde a importa\u00e7\u00e3o dos produtos at\u00e9 a entrega ao cliente final, al\u00e9m de cuidarmos tamb\u00e9m da gest\u00e3o do seu e-commerce, oferecendo suporte administrativo-financeiro para toda a opera\u00e7\u00e3o nos EUA.<\/p>\n<p>Conseguimos aliar a redu\u00e7\u00e3o de pre\u00e7os de nossos servi\u00e7os a um servi\u00e7o de excel\u00eancia, o que lhe permitir\u00e1 focar em vendas, resultando no crescimento de sua empresa.<\/p>\n<p>Com uma estrutura integrada, que garante excelente qualidade de servi\u00e7o e efici\u00eancia, estamos sempre focados em inova\u00e7\u00e3o, desempenho e resultados.<\/p>\n<p>Se o seu objetivo \u00e9 expandir a sua marca para os Estados Unidos, a DIXLOG \u00e9 a empresa que ir\u00e1 proporcionar o melhor servi\u00e7o e o menor custo-benef\u00edcio.<\/p>\n<p>Conhe\u00e7a o modelo full service para a internacionaliza\u00e7\u00e3o de seu e-commerce e da sua marca e entenda como rentabilizar o seu neg\u00f3cio atrav\u00e9s de uma solu\u00e7\u00e3o completa, integrada e segura.[\/vc_column_text][\/vc_column][vc_column css_animation=&#8221;cms_animate wow slideInRight&#8221; fill_place=&#8221;1&#8243; css_animation_delay=&#8221;300ms&#8221; offset=&#8221;vc_col-lg-6 vc_hidden-md vc_hidden-sm vc_hidden-xs&#8221;][vc_single_image image=&#8221;2296&#8243; img_size=&#8221;full&#8221; alignment=&#8221;right&#8221; css_animation=&#8221;bounceIn&#8221; has_position=&#8221;&#8221;][\/vc_column][\/vc_row]<\/p>\n<\/div>","protected":false},"excerpt":{"rendered":"<p>[vc_row css=&#8221;.vc_custom_1476673434401{padding-top: 106px !important;padding-bottom: 70px !important;}&#8221;][vc_column][vc_custom_heading text=&#8221;QUEM SOMOS&#8221; font_container=&#8221;tag:h2|text_align:center&#8221; use_theme_fonts=&#8221;yes&#8221; show_border_bottom=&#8221;1&#8243; subtitle_color=&#8221;#878787&#8243; sub_title=&#8221; &#8221; css=&#8221;.vc_custom_1527259906250{margin-bottom: 50px !important;}&#8221;]Somos uma equipe de profissionais com mais de 20 anos de experi\u00eancia. Oferecemos os servi\u00e7os combinados<\/p>\n","protected":false},"author":2,"featured_media":0,"parent":0,"menu_order":0,"comment_status":"closed","ping_status":"closed","template":"","meta":{"footnotes":""},"class_list":["post-1491","page","type-page","status-publish","hentry"],"_links":{"self":[{"href":"https:\/\/dixlog.com\/br\/wp-json\/wp\/v2\/pages\/1491","targetHints":{"allow":["GET"]}}],"collection":[{"href":"https:\/\/dixlog.com\/br\/wp-json\/wp\/v2\/pages"}],"about":[{"href":"https:\/\/dixlog.com\/br\/wp-json\/wp\/v2\/types\/page"}],"author":[{"embeddable":true,"href":"https:\/\/dixlog.com\/br\/wp-json\/wp\/v2\/users\/2"}],"replies":[{"embeddable":true,"href":"https:\/\/dixlog.com\/br\/wp-json\/wp\/v2\/comments?post=1491"}],"version-history":[{"count":53,"href":"https:\/\/dixlog.com\/br\/wp-json\/wp\/v2\/pages\/1491\/revisions"}],"predecessor-version":[{"id":2394,"href":"https:\/\/dixlog.com\/br\/wp-json\/wp\/v2\/pages\/1491\/revisions\/2394"}],"wp:attachment":[{"href":"https:\/\/dixlog.com\/br\/wp-json\/wp\/v2\/media?parent=1491"}],"curies":[{"name":"wp","href":"https:\/\/api.w.org\/{rel}","templated":true}]}}