{"id":139,"date":"2016-09-19T09:06:09","date_gmt":"2016-09-19T09:06:09","guid":{"rendered":"http:\/\/dev.joomexp.com\/wordpress\/wp-transpress\/?page_id=139"},"modified":"2018-06-04T12:35:55","modified_gmt":"2018-06-04T12:35:55","slug":"servicos","status":"publish","type":"page","link":"https:\/\/dixlog.com\/br\/servicos\/","title":{"rendered":"Servi\u00e7os"},"content":{"rendered":"<div class=\"wpb-content-wrapper\"><p>[vc_row full_width=&#8221;stretch_row&#8221; float_to_top=&#8221;&#8221; row_custom_paralax=&#8221;&#8221; css=&#8221;.vc_custom_1523494610116{padding-top: 96px !important;padding-bottom: 67px !important;background-position: center !important;background-repeat: no-repeat !important;background-size: cover !important;}&#8221;][vc_column][vc_row_inner][vc_column_inner width=&#8221;1\/3&#8243;][cms_fancybox_single fancy_style=&#8221;style-6&#8243; title_item=&#8221;ARMAZENAGEM&#8221; cms_template=&#8221;cms_fancybox_single.php&#8221; description_item=&#8221;Como parceiro da sua empresa, lidamos com todo o processo de armazenamento de produtos de diferentes segmentos em nosso armaz\u00e9m, nos EUA.&#8221; link=&#8221;url:https%3A%2F%2Fdixlog.com%2Fbr%2Farmazenagem%2F|||&#8221; image=&#8221;2251&#8243;][\/vc_column_inner][vc_column_inner width=&#8221;1\/3&#8243;][cms_fancybox_single fancy_style=&#8221;style-6&#8243; title_item=&#8221;DISTRIBUI\u00c7\u00c3O&#8221; cms_template=&#8221;cms_fancybox_single.php&#8221; description_item=&#8221;Distribu\u00edmos os produtos da sua empresa nos EUA e em 56 pa\u00edses&#8221; link=&#8221;url:https%3A%2F%2Fdixlog.com%2Fbr%2Fdistribuicao%2F|||&#8221; image=&#8221;2249&#8243;][\/vc_column_inner][vc_column_inner width=&#8221;1\/3&#8243;][cms_fancybox_single fancy_style=&#8221;style-6&#8243; title_item=&#8221;IMPORTA\u00c7\u00c3O E EXPORTA\u00c7\u00c3O&#8221; cms_template=&#8221;cms_fancybox_single.php&#8221; description_item=&#8221;Realizamos o processo de importa\u00e7\u00e3o diretamente do Brasil para os EUA e deste para outros pa\u00edses.&#8221; link=&#8221;url:https%3A%2F%2Fdixlog.com%2Fbr%2Fexportacao-importacao%2F|||&#8221; image=&#8221;2252&#8243;][\/vc_column_inner][\/vc_row_inner][vc_row_inner][vc_column_inner width=&#8221;1\/3&#8243;][cms_fancybox_single fancy_style=&#8221;style-6&#8243; title_item=&#8221;CROSS DOCK&#8221; cms_template=&#8221;cms_fancybox_single.php&#8221; description_item=&#8221;Oferecemos servi\u00e7os log\u00edsticos integrados para ajudar a simplificar seu processo de distribui\u00e7\u00e3o e otimizar sua efici\u00eancia operacional.&#8221; link=&#8221;url:https%3A%2F%2Fdixlog.com%2Fbr%2Fcross-dock%2F|||&#8221; image=&#8221;2247&#8243;][\/vc_column_inner][vc_column_inner width=&#8221;1\/3&#8243;][cms_fancybox_single fancy_style=&#8221;style-6&#8243; title_item=&#8221;PLATAFORMA&#8221; cms_template=&#8221;cms_fancybox_single.php&#8221; description_item=&#8221;A DIXLOG possui profissionais especializados na gest\u00e3o de plataformas de e-commerce, prontos para operar sua loja nos EUA.&#8221; link=&#8221;url:https%3A%2F%2Fdixlog.com%2Fbr%2Fplataforma%2F|||&#8221; image=&#8221;2255&#8243;][\/vc_column_inner][vc_column_inner width=&#8221;1\/3&#8243;][cms_fancybox_single fancy_style=&#8221;style-6&#8243; title_item=&#8221;MARKETING&#8221; cms_template=&#8221;cms_fancybox_single.php&#8221; description_item=&#8221;Juntamente com a sua empresa, realizamos o planejamento estrat\u00e9gico e execu\u00e7\u00e3o do marketing do seu e-commerce para o mercado americano.&#8221; link=&#8221;url:https%3A%2F%2Fdixlog.com%2Fbr%2Fmarketing%2F|||&#8221; image=&#8221;2253&#8243;][\/vc_column_inner][\/vc_row_inner][vc_row_inner][vc_column_inner width=&#8221;1\/3&#8243;][cms_fancybox_single fancy_style=&#8221;style-6&#8243; title_item=&#8221;ATENDIMENTO AO CLIENTE&#8221; cms_template=&#8221;cms_fancybox_single.php&#8221; description_item=&#8221;O foco na excel\u00eancia no atendimento ao cliente \u00e9 um dos nossos pilares. Com um SAC de excel\u00eancia, \u00e9 poss\u00edvel despertar o engajamento dos consumidores, o que auxilia na visibilidade de sua marca e na gera\u00e7\u00e3o de mais vendas.&#8221; link=&#8221;url:https%3A%2F%2Fdixlog.com%2Fbr%2Fatendimento-ao-cliente%2F|||&#8221; image=&#8221;2248&#8243;][\/vc_column_inner][vc_column_inner width=&#8221;1\/3&#8243;][cms_fancybox_single fancy_style=&#8221;style-6&#8243; title_item=&#8221;MARKETPLACE&#8221; cms_template=&#8221;cms_fancybox_single.php&#8221; description_item=&#8221;Integramos sua loja com diferentes mercados nos EUA, inserindo seus produtos nos maiores vendedores do mundo, tudo de forma integrada, com um \u00fanico estoque.&#8221; link=&#8221;url:https%3A%2F%2Fdixlog.com%2Fbr%2Fmarketplace%2F|||&#8221; image=&#8221;2254&#8243;][\/vc_column_inner][vc_column_inner width=&#8221;1\/3&#8243;][cms_fancybox_single fancy_style=&#8221;style-6&#8243; title_item=&#8221;FBA&#8221; cms_template=&#8221;cms_fancybox_single.php&#8221; description_item=&#8221;Oferecemos um servi\u00e7o de qualidade, que ir\u00e1 ajudar sua empresa a crescer em vendas em um dos maiores de players de venda do mundo.&#8221; link=&#8221;url:https%3A%2F%2Fdixlog.com%2Fbr%2Ffba%2F|||&#8221; image=&#8221;2250&#8243;][\/vc_column_inner][\/vc_row_inner][vc_row_inner el_id=&#8221;box-service&#8221; el_class=&#8221;box-service&#8221;][vc_column_inner el_class=&#8221;box-1&#8243; width=&#8221;1\/4&#8243; el_id=&#8221;box-1&#8243;][\/vc_column_inner][vc_column_inner el_class=&#8221;box-2&#8243; width=&#8221;1\/4&#8243; el_id=&#8221;box-2&#8243;][cms_fancybox_single fancy_style=&#8221;style-6&#8243; title_item=&#8221;CONTABILIDADE&#8221; cms_template=&#8221;cms_fancybox_single.php&#8221; description_item=&#8221;A DIXLOG conta com uma equipe qualificada e atualizada e oferece servi\u00e7os de excel\u00eancia em planejamento tribut\u00e1rio e assessoria cont\u00e1bil.&#8221; link=&#8221;url:https%3A%2F%2Fdixlog.com%2Fbr%2Fcontabilidade%2F|||&#8221; image=&#8221;2246&#8243;][\/vc_column_inner][vc_column_inner el_class=&#8221;box-3&#8243; width=&#8221;1\/4&#8243; el_id=&#8221;box-3&#8243;][cms_fancybox_single fancy_style=&#8221;style-6&#8243; title_item=&#8221;REGISTRO DE MARCAS&#8221; cms_template=&#8221;cms_fancybox_single.php&#8221; description_item=&#8221;Fornecemos nosso estudo de marcas registradas, garantindo um registro de marca de sucesso.&#8221; link=&#8221;url:https%3A%2F%2Fdixlog.com%2Fbr%2Fregistro-de-marcas%2F|||&#8221; image=&#8221;2256&#8243;][\/vc_column_inner][vc_column_inner el_class=&#8221;box-4&#8243; width=&#8221;1\/4&#8243; el_id=&#8221;box-4&#8243;][\/vc_column_inner][\/vc_row_inner][\/vc_column][\/vc_row][vc_row][vc_column][vc_single_image image=&#8221;2403&#8243; img_size=&#8221;1500&#215;700&#8243; add_caption=&#8221;yes&#8221; alignment=&#8221;center&#8221; has_position=&#8221;1&#8243; title=&#8221;Parceiros e Opera\u00e7\u00f5es&#8221;][\/vc_column][\/vc_row]<\/p>\n<\/div>","protected":false},"excerpt":{"rendered":"<p>[vc_row full_width=&#8221;stretch_row&#8221; float_to_top=&#8221;&#8221; row_custom_paralax=&#8221;&#8221; css=&#8221;.vc_custom_1523494610116{padding-top: 96px !important;padding-bottom: 67px !important;background-position: center !important;background-repeat: no-repeat !important;background-size: cover !important;}&#8221;][vc_column][vc_row_inner][vc_column_inner width=&#8221;1\/3&#8243;][cms_fancybox_single fancy_style=&#8221;style-6&#8243; title_item=&#8221;ARMAZENAGEM&#8221; cms_template=&#8221;cms_fancybox_single.php&#8221; description_item=&#8221;Como parceiro da sua empresa, lidamos com todo o processo de armazenamento de<\/p>\n","protected":false},"author":2,"featured_media":0,"parent":0,"menu_order":0,"comment_status":"closed","ping_status":"closed","template":"","meta":{"footnotes":""},"class_list":["post-139","page","type-page","status-publish","hentry"],"_links":{"self":[{"href":"https:\/\/dixlog.com\/br\/wp-json\/wp\/v2\/pages\/139","targetHints":{"allow":["GET"]}}],"collection":[{"href":"https:\/\/dixlog.com\/br\/wp-json\/wp\/v2\/pages"}],"about":[{"href":"https:\/\/dixlog.com\/br\/wp-json\/wp\/v2\/types\/page"}],"author":[{"embeddable":true,"href":"https:\/\/dixlog.com\/br\/wp-json\/wp\/v2\/users\/2"}],"replies":[{"embeddable":true,"href":"https:\/\/dixlog.com\/br\/wp-json\/wp\/v2\/comments?post=139"}],"version-history":[{"count":62,"href":"https:\/\/dixlog.com\/br\/wp-json\/wp\/v2\/pages\/139\/revisions"}],"predecessor-version":[{"id":2404,"href":"https:\/\/dixlog.com\/br\/wp-json\/wp\/v2\/pages\/139\/revisions\/2404"}],"wp:attachment":[{"href":"https:\/\/dixlog.com\/br\/wp-json\/wp\/v2\/media?parent=139"}],"curies":[{"name":"wp","href":"https:\/\/api.w.org\/{rel}","templated":true}]}}