{"id":116,"date":"2016-09-19T08:58:02","date_gmt":"2016-09-19T08:58:02","guid":{"rendered":"http:\/\/dev.joomexp.com\/wordpress\/wp-transpress\/?page_id=116"},"modified":"2018-05-22T18:03:12","modified_gmt":"2018-05-22T18:03:12","slug":"homepage-3","status":"publish","type":"page","link":"https:\/\/dixlog.com\/br\/","title":{"rendered":"Home"},"content":{"rendered":"<div class=\"wpb-content-wrapper\"><p>[vc_row float_to_top=&#8221;&#8221; row_custom_paralax=&#8221;&#8221; css=&#8221;.vc_custom_1523544680924{margin-top: 0px !important;margin-bottom: 0px !important;border-top-width: 0px !important;border-bottom-width: 0px !important;padding-top: 0px !important;padding-bottom: 0px !important;}&#8221;][vc_column css=&#8221;.vc_custom_1523546408374{margin-top: 0px !important;margin-bottom: 0px !important;border-top-width: 0px !important;border-bottom-width: 0px !important;padding-top: 0px !important;padding-bottom: 0px !important;}&#8221;][rev_slider_vc alias=&#8221;home-1&#8243;][\/vc_column][\/vc_row][vc_row full_width=&#8221;stretch_row&#8221; ftt_type=&#8221;sub60&#8243; row_custom_paralax=&#8221;&#8221; css=&#8221;.vc_custom_1523559747046{padding-top: 96px !important;padding-bottom: 67px !important;background-position: center !important;background-repeat: no-repeat !important;background-size: cover !important;}&#8221;][vc_column][vc_custom_heading text=&#8221;NOSSOS SERVI\u00c7OS&#8221; font_container=&#8221;tag:h2|text_align:center&#8221; use_theme_fonts=&#8221;yes&#8221; show_border_bottom=&#8221;1&#8243; css=&#8221;.vc_custom_1513166159566{margin-bottom: 50px !important;}&#8221;][\/vc_custom_heading][vc_column_text css=&#8221;.vc_custom_1527011820345{padding-bottom: 96px !important;}&#8221;]<\/p>\n<h1><img loading=\"lazy\" decoding=\"async\" class=\"aligncenter wp-image-2282 \" src=\"https:\/\/dixlog.com\/br\/wp-content\/uploads\/2018\/04\/grafico-br.png\" alt=\"\" width=\"570\" height=\"561\" srcset=\"https:\/\/dixlog.com\/br\/wp-content\/uploads\/2018\/04\/grafico-br.png 880w, https:\/\/dixlog.com\/br\/wp-content\/uploads\/2018\/04\/grafico-br-768x756.png 768w, https:\/\/dixlog.com\/br\/wp-content\/uploads\/2018\/04\/grafico-br-71x70.png 71w\" sizes=\"auto, (max-width: 570px) 100vw, 570px\" \/><\/h1>\n<h1><\/h1>\n<h1>\u00a0 \u00a0 \u00a0 \u00a0 \u00a0 \u00a0 \u00a0 \u00a0 \u00a0 \u00a0 \u00a0 INICIE SUAS OPERA\u00c7\u00d5ES NOS EUA EM 30 DIAS<\/h1>\n<p>[\/vc_column_text][vc_row_inner][vc_column_inner width=&#8221;1\/3&#8243;][cms_fancybox_single fancy_style=&#8221;style-6&#8243; title_item=&#8221;ARMAZENAGEM&#8221; cms_template=&#8221;cms_fancybox_single.php&#8221; description_item=&#8221;Como parceiro da sua empresa, lidamos com todo o processo de armazenamento de produtos de diferentes segmentos em nosso armaz\u00e9m, nos EUA.&#8221; link=&#8221;url:https%3A%2F%2Fdixlog.com%2Fbr%2Farmazenagem%2F|||&#8221; image=&#8221;2251&#8243;][\/vc_column_inner][vc_column_inner width=&#8221;1\/3&#8243;][cms_fancybox_single fancy_style=&#8221;style-6&#8243; title_item=&#8221;DISTRIBUI\u00c7\u00c3O&#8221; cms_template=&#8221;cms_fancybox_single.php&#8221; description_item=&#8221;Distribu\u00edmos os produtos da sua empresa nos EUA e em 56 pa\u00edses.&#8221; link=&#8221;url:https%3A%2F%2Fdixlog.com%2Fbr%2Fdistribuicao%2F|||&#8221; image=&#8221;2249&#8243;][\/vc_column_inner][vc_column_inner width=&#8221;1\/3&#8243;][cms_fancybox_single fancy_style=&#8221;style-6&#8243; title_item=&#8221;IMPORTA\u00c7\u00c3O E EXPORTA\u00c7\u00c3O&#8221; cms_template=&#8221;cms_fancybox_single.php&#8221; description_item=&#8221;Realizamos todo o processo de importa\u00e7\u00e3o nos EUA e exportamos dos EUA para outros pa\u00edses.&#8221; link=&#8221;url:https%3A%2F%2Fdixlog.com%2Fbr%2Fexportacao-importacao%2F|||&#8221; image=&#8221;2252&#8243;][\/vc_column_inner][\/vc_row_inner][vc_row_inner][vc_column_inner width=&#8221;1\/3&#8243;][cms_fancybox_single fancy_style=&#8221;style-6&#8243; title_item=&#8221;CROSS DOCK&#8221; cms_template=&#8221;cms_fancybox_single.php&#8221; description_item=&#8221;Oferecemos servi\u00e7os log\u00edsticos integrados para ajudar a simplificar seu processo de distribui\u00e7\u00e3o e otimizar sua efici\u00eancia operacional.&#8221; link=&#8221;url:https%3A%2F%2Fdixlog.com%2Fbr%2Fcross-dock%2F|||&#8221; image=&#8221;2247&#8243;][\/vc_column_inner][vc_column_inner width=&#8221;1\/3&#8243;][cms_fancybox_single fancy_style=&#8221;style-6&#8243; title_item=&#8221;PLATAFORMA&#8221; cms_template=&#8221;cms_fancybox_single.php&#8221; description_item=&#8221;A DIXLOG possui profissionais especializados na gest\u00e3o de plataformas de e-commerce, prontos para operar sua loja nos EUA.&#8221; link=&#8221;url:https%3A%2F%2Fdixlog.com%2Fbr%2Fplataforma%2F|||&#8221; image=&#8221;2255&#8243;][\/vc_column_inner][vc_column_inner width=&#8221;1\/3&#8243;][cms_fancybox_single fancy_style=&#8221;style-6&#8243; title_item=&#8221;MARKETING&#8221; cms_template=&#8221;cms_fancybox_single.php&#8221; description_item=&#8221;O planejamento de marketing \u00e9 essencial para o sucesso de uma empresa especialmente no competitivo mercado americano.&#8221; link=&#8221;url:https%3A%2F%2Fdixlog.com%2Fbr%2Fmarketing%2F|||&#8221; image=&#8221;2253&#8243;][\/vc_column_inner][\/vc_row_inner][vc_row_inner][vc_column_inner width=&#8221;1\/3&#8243;][cms_fancybox_single fancy_style=&#8221;style-6&#8243; title_item=&#8221;ATENDIMENTO AO CLIENTE&#8221; cms_template=&#8221;cms_fancybox_single.php&#8221; description_item=&#8221;O foco na excel\u00eancia no atendimento ao cliente \u00e9 um dos nossos pilares. Com um SAC de excel\u00eancia, \u00e9 poss\u00edvel despertar o engajamento dos consumidores, o que auxilia na visibilidade de sua marca e na gera\u00e7\u00e3o de mais vendas.&#8221; link=&#8221;url:https%3A%2F%2Fdixlog.com%2Fbr%2Fatendimento-ao-cliente%2F|||&#8221; image=&#8221;2248&#8243;][\/vc_column_inner][vc_column_inner width=&#8221;1\/3&#8243;][cms_fancybox_single fancy_style=&#8221;style-6&#8243; title_item=&#8221;MARKETPLACE&#8221; cms_template=&#8221;cms_fancybox_single.php&#8221; description_item=&#8221;Integramos sua loja com diferentes mercados nos EUA, inserindo seus produtos nos maiores sellers do mundo, tudo de forma integrada, com um \u00fanico estoque.&#8221; link=&#8221;url:https%3A%2F%2Fdixlog.com%2Fbr%2Fmarketplace%2F|||&#8221; image=&#8221;2254&#8243;][\/vc_column_inner][vc_column_inner width=&#8221;1\/3&#8243;][cms_fancybox_single fancy_style=&#8221;style-6&#8243; title_item=&#8221;FBA&#8221; cms_template=&#8221;cms_fancybox_single.php&#8221; description_item=&#8221;Com foco na efic\u00e1cia operacional, nosso objetivo \u00e9 conquistar o menor custo de opera\u00e7\u00e3o em um dos maiores players do mundo.&#8221; link=&#8221;url:https%3A%2F%2Fdixlog.com%2Fbr%2Ffba%2F|||&#8221; image=&#8221;2250&#8243;][\/vc_column_inner][\/vc_row_inner][vc_row_inner el_id=&#8221;box-service&#8221; el_class=&#8221;box-service&#8221;][vc_column_inner el_class=&#8221;box-1&#8243; width=&#8221;1\/4&#8243; el_id=&#8221;box-1&#8243;][\/vc_column_inner][vc_column_inner el_class=&#8221;box-2&#8243; width=&#8221;1\/4&#8243; el_id=&#8221;box-2&#8243;][cms_fancybox_single fancy_style=&#8221;style-6&#8243; title_item=&#8221;CONTABILIDADE&#8221; cms_template=&#8221;cms_fancybox_single.php&#8221; description_item=&#8221;A DIXLOG conta com uma equipe qualificada e atualizada e oferece servi\u00e7os de excel\u00eancia em planejamento tribut\u00e1rio e assessoria cont\u00e1bil.&#8221; link=&#8221;url:https%3A%2F%2Fdixlog.com%2Fbr%2Fcontabilidade%2F|||&#8221; image=&#8221;2246&#8243;][\/vc_column_inner][vc_column_inner el_class=&#8221;box-3&#8243; width=&#8221;1\/4&#8243; el_id=&#8221;box-3&#8243;][cms_fancybox_single fancy_style=&#8221;style-6&#8243; title_item=&#8221;REGISTRO DE MARCAS&#8221; cms_template=&#8221;cms_fancybox_single.php&#8221; description_item=&#8221;Fornecemos nosso estudo de marcas registradas, garantindo um registro de marca de sucesso.&#8221; link=&#8221;url:https%3A%2F%2Fdixlog.com%2Fbr%2Fregistro-de-marcas%2F|||&#8221; image=&#8221;2256&#8243;][\/vc_column_inner][vc_column_inner el_class=&#8221;box-4&#8243; width=&#8221;1\/4&#8243; el_id=&#8221;box-4&#8243;][\/vc_column_inner][\/vc_row_inner][\/vc_column][\/vc_row][vc_row full_width=&#8221;stretch_row&#8221; equal_height=&#8221;yes&#8221; content_placement=&#8221;middle&#8221; css=&#8221;.vc_custom_1477044972831{background-color: #f9f9f9 !important;}&#8221;][vc_column css=&#8221;.vc_custom_1478915413370{padding-top: 100px !important;padding-bottom: 89px !important;}&#8221; offset=&#8221;vc_col-lg-6&#8243;][vc_custom_heading text=&#8221;SOBRE N\u00d3S&#8221; use_theme_fonts=&#8221;yes&#8221; show_border_bottom=&#8221;1&#8243; css=&#8221;.vc_custom_1525876543829{margin-bottom: 36px !important;}&#8221;][\/vc_custom_heading][vc_column_text el_class=&#8221;padding-right-100&#8243;]A DIXLOG \u00e9 l\u00edder no mercado americano em full service (gest\u00e3o completa) para empresas que t\u00eam como foco a expans\u00e3o dos seus neg\u00f3cios para os EUA. Oferecemos a mais completa solu\u00e7\u00e3o para o seu neg\u00f3cio.<\/p>\n<p>Dentro de uma estrutura 100% pr\u00f3pria, oferecemos know-how e servi\u00e7os num s\u00f3 lugar.[\/vc_column_text][vc_btn title=&#8221;LEIA MAIS&#8221; css_animation=&#8221;top-to-bottom&#8221; btn_type=&#8221;btn btn-primary&#8221; link=&#8221;url:https%3A%2F%2Fdixlog.com%2Fbr%2Fquem-somos%2F|title:quem-somos||&#8221; css=&#8221;.vc_custom_1523547418524{margin-top: 20px !important;margin-bottom: 0px !important;}&#8221;][\/vc_column][vc_column css_animation=&#8221;cms_animate wow slideInRight&#8221; fill_place=&#8221;1&#8243; css_animation_delay=&#8221;300ms&#8221; offset=&#8221;vc_col-lg-6 vc_hidden-md vc_hidden-sm vc_hidden-xs&#8221;][vc_single_image image=&#8221;1753&#8243; img_size=&#8221;full&#8221; has_position=&#8221;&#8221;][\/vc_column][\/vc_row]<\/p>\n<\/div>","protected":false},"excerpt":{"rendered":"<p>[vc_row float_to_top=&#8221;&#8221; row_custom_paralax=&#8221;&#8221; css=&#8221;.vc_custom_1523544680924{margin-top: 0px !important;margin-bottom: 0px !important;border-top-width: 0px !important;border-bottom-width: 0px !important;padding-top: 0px !important;padding-bottom: 0px !important;}&#8221;][vc_column css=&#8221;.vc_custom_1523546408374{margin-top: 0px !important;margin-bottom: 0px !important;border-top-width: 0px !important;border-bottom-width: 0px !important;padding-top: 0px !important;padding-bottom: 0px !important;}&#8221;][rev_slider_vc alias=&#8221;home-1&#8243;][\/vc_column][\/vc_row][vc_row full_width=&#8221;stretch_row&#8221; ftt_type=&#8221;sub60&#8243;<\/p>\n","protected":false},"author":2,"featured_media":0,"parent":0,"menu_order":0,"comment_status":"closed","ping_status":"closed","template":"","meta":{"footnotes":""},"class_list":["post-116","page","type-page","status-publish","hentry"],"_links":{"self":[{"href":"https:\/\/dixlog.com\/br\/wp-json\/wp\/v2\/pages\/116","targetHints":{"allow":["GET"]}}],"collection":[{"href":"https:\/\/dixlog.com\/br\/wp-json\/wp\/v2\/pages"}],"about":[{"href":"https:\/\/dixlog.com\/br\/wp-json\/wp\/v2\/types\/page"}],"author":[{"embeddable":true,"href":"https:\/\/dixlog.com\/br\/wp-json\/wp\/v2\/users\/2"}],"replies":[{"embeddable":true,"href":"https:\/\/dixlog.com\/br\/wp-json\/wp\/v2\/comments?post=116"}],"version-history":[{"count":107,"href":"https:\/\/dixlog.com\/br\/wp-json\/wp\/v2\/pages\/116\/revisions"}],"predecessor-version":[{"id":2389,"href":"https:\/\/dixlog.com\/br\/wp-json\/wp\/v2\/pages\/116\/revisions\/2389"}],"wp:attachment":[{"href":"https:\/\/dixlog.com\/br\/wp-json\/wp\/v2\/media?parent=116"}],"curies":[{"name":"wp","href":"https:\/\/api.w.org\/{rel}","templated":true}]}}